{"id":1085,"date":"2021-09-22T17:38:49","date_gmt":"2021-09-22T20:38:49","guid":{"rendered":"https:\/\/gestaocincoestrelas.com.br\/?page_id=1085"},"modified":"2021-12-01T11:03:57","modified_gmt":"2021-12-01T14:03:57","slug":"abrirumnegocio","status":"publish","type":"page","link":"https:\/\/gestaocincoestrelas.com.br\/index.php\/abrirumnegocio\/","title":{"rendered":"Est\u00e1 pensando em abrir um neg\u00f3cio?"},"content":{"rendered":"\t\t<div data-elementor-type=\"wp-page\" data-elementor-id=\"1085\" class=\"elementor elementor-1085\">\n\t\t\t\t\t\t\t\t\t<section class=\"elementor-section elementor-top-section elementor-element elementor-element-d38beb4 elementor-section-content-middle elementor-section-boxed elementor-section-height-default elementor-section-height-default\" data-id=\"d38beb4\" data-element_type=\"section\" data-settings=\"{&quot;background_background&quot;:&quot;classic&quot;}\">\n\t\t\t\t\t\t<div class=\"elementor-container elementor-column-gap-no\">\n\t\t\t\t\t<div class=\"elementor-column elementor-col-50 elementor-top-column elementor-element elementor-element-5c77954\" data-id=\"5c77954\" data-element_type=\"column\">\n\t\t\t<div class=\"elementor-widget-wrap elementor-element-populated\">\n\t\t\t\t\t\t\t\t<div class=\"elementor-element elementor-element-db8c1ca elementor-widget elementor-widget-image\" data-id=\"db8c1ca\" data-element_type=\"widget\" data-widget_type=\"image.default\">\n\t\t\t\t<div class=\"elementor-widget-container\">\n\t\t\t<style>\/*! elementor - v3.18.0 - 20-12-2023 *\/\n.elementor-widget-image{text-align:center}.elementor-widget-image a{display:inline-block}.elementor-widget-image a img[src$=\".svg\"]{width:48px}.elementor-widget-image img{vertical-align:middle;display:inline-block}<\/style>\t\t\t\t\t\t\t\t\t\t\t\t<img decoding=\"async\" src=\"https:\/\/gestaocincoestrelas.com.br\/wp-content\/uploads\/elementor\/thumbs\/Michelli-Mattei-33-scaled-pcvswj8e383m271ru1ljfjv14zbyk0bs06zm7htwnc.jpg\" title=\"Michelli Mattei-33\" alt=\"Michelli Mattei-33\" loading=\"lazy\" \/>\t\t\t\t\t\t\t\t\t\t\t\t\t\t\t<\/div>\n\t\t\t\t<\/div>\n\t\t\t\t\t<\/div>\n\t\t<\/div>\n\t\t\t\t<div class=\"elementor-column elementor-col-50 elementor-top-column elementor-element elementor-element-89d0b21\" data-id=\"89d0b21\" data-element_type=\"column\">\n\t\t\t<div class=\"elementor-widget-wrap elementor-element-populated\">\n\t\t\t\t\t\t\t\t<div class=\"elementor-element elementor-element-0499e2a elementor-widget elementor-widget-heading\" data-id=\"0499e2a\" data-element_type=\"widget\" data-widget_type=\"heading.default\">\n\t\t\t\t<div class=\"elementor-widget-container\">\n\t\t\t<style>\/*! elementor - v3.18.0 - 20-12-2023 *\/\n.elementor-heading-title{padding:0;margin:0;line-height:1}.elementor-widget-heading .elementor-heading-title[class*=elementor-size-]>a{color:inherit;font-size:inherit;line-height:inherit}.elementor-widget-heading .elementor-heading-title.elementor-size-small{font-size:15px}.elementor-widget-heading .elementor-heading-title.elementor-size-medium{font-size:19px}.elementor-widget-heading .elementor-heading-title.elementor-size-large{font-size:29px}.elementor-widget-heading .elementor-heading-title.elementor-size-xl{font-size:39px}.elementor-widget-heading .elementor-heading-title.elementor-size-xxl{font-size:59px}<\/style><h2 class=\"elementor-heading-title elementor-size-default\">Est\u00e1 pensando em abrir um neg\u00f3cio?<br><br><\/h2>\t\t<\/div>\n\t\t\t\t<\/div>\n\t\t\t\t<div class=\"elementor-element elementor-element-dc5464d elementor-widget elementor-widget-text-editor\" data-id=\"dc5464d\" data-element_type=\"widget\" data-widget_type=\"text-editor.default\">\n\t\t\t\t<div class=\"elementor-widget-container\">\n\t\t\t<style>\/*! elementor - v3.18.0 - 20-12-2023 *\/\n.elementor-widget-text-editor.elementor-drop-cap-view-stacked .elementor-drop-cap{background-color:#69727d;color:#fff}.elementor-widget-text-editor.elementor-drop-cap-view-framed .elementor-drop-cap{color:#69727d;border:3px solid;background-color:transparent}.elementor-widget-text-editor:not(.elementor-drop-cap-view-default) .elementor-drop-cap{margin-top:8px}.elementor-widget-text-editor:not(.elementor-drop-cap-view-default) .elementor-drop-cap-letter{width:1em;height:1em}.elementor-widget-text-editor .elementor-drop-cap{float:left;text-align:center;line-height:1;font-size:50px}.elementor-widget-text-editor .elementor-drop-cap-letter{display:inline-block}<\/style>\t\t\t\t<p>A abertura e o gerenciamento de um novo neg\u00f3cio exigem um conjunto de habilidades e conhecimentos, como entender o mercado, o p\u00fablico e planejar bem cada etapa. Uma boa administra\u00e7\u00e3o considera, tamb\u00e9m, estrat\u00e9gias de marketing, um fluxo de caixa controlado e passa, ainda, por muita criatividade e inova\u00e7\u00e3o.\u2063<br \/>\u2063<br \/>Confira, seis passos para ter sucesso na abertura do seu empreendimento!\u2063<br \/>\u2063<br \/>1. Saiba que neg\u00f3cio abrir: Pesquise a regi\u00e3o escolhida, entenda a necessidade do publico pra tomar sua decis\u00e3o.\u2063<br \/>\u2063<br \/>2. Veja se voc\u00ea tem perfil: Para tornar um neg\u00f3cio realidade, \u00e9 preciso ter perfil empreendedor, conhecer a realidade do mercado e organizar um plano de neg\u00f3cios.\u2063<br \/>\u2063<br \/>3. Re\u00fana informa\u00e7\u00f5es sobre o neg\u00f3cio: Pesquise sobre o mercado, finan\u00e7as, marketing, localiza\u00e7\u00e3o&#8230;\u2063<br \/>\u2063<br \/>4. Organize-se: Organize as informa\u00e7\u00f5es coletadas. Ao conhecer o mercado voc\u00ea conseguir\u00e1 construir o plano de neg\u00f3cios e definir estrat\u00e9gias para posicionar corretamente a sua empreitada.\u2063<br \/>\u2063<br \/>5. Como obter cr\u00e9dito: Para obter cr\u00e9dito, voc\u00ea pode precisar de dicas de gest\u00e3o de dinheiro e de como conseguir aux\u00edlios financeiros para as suas necessidades profissionais.\u2063<br \/>\u2063<br \/>6. Coloque a m\u00e3o na massa: A \u00faltima etapa \u00e9 registrar o neg\u00f3cio e torn\u00e1-lo realidade. Entenda o que \u00e9 necess\u00e1rio para formalizar o empreendimento.\u2063<br \/>\u2063<\/p>\t\t\t\t\t\t<\/div>\n\t\t\t\t<\/div>\n\t\t\t\t\t<\/div>\n\t\t<\/div>\n\t\t\t\t\t\t\t<\/div>\n\t\t<\/section>\n\t\t\t\t<section class=\"elementor-section elementor-top-section elementor-element elementor-element-766f118 elementor-section-boxed elementor-section-height-default elementor-section-height-default\" data-id=\"766f118\" data-element_type=\"section\">\n\t\t\t\t\t\t<div class=\"elementor-container elementor-column-gap-default\">\n\t\t\t\t\t<div class=\"elementor-column elementor-col-100 elementor-top-column elementor-element elementor-element-07a1302\" data-id=\"07a1302\" data-element_type=\"column\">\n\t\t\t<div class=\"elementor-widget-wrap elementor-element-populated\">\n\t\t\t\t\t\t\t\t<div class=\"elementor-element elementor-element-84d221e elementor-align-center elementor-widget elementor-widget-button\" data-id=\"84d221e\" data-element_type=\"widget\" data-widget_type=\"button.default\">\n\t\t\t\t<div class=\"elementor-widget-container\">\n\t\t\t\t\t<div class=\"elementor-button-wrapper\">\n\t\t\t<a class=\"elementor-button elementor-button-link elementor-size-sm\" href=\"https:\/\/gestaocincoestrelas.com.br\/index.php\/gestaocincoestrelasblog\/\">\n\t\t\t\t\t\t<span class=\"elementor-button-content-wrapper\">\n\t\t\t\t\t\t<span class=\"elementor-button-text\">Voltar<\/span>\n\t\t<\/span>\n\t\t\t\t\t<\/a>\n\t\t<\/div>\n\t\t\t\t<\/div>\n\t\t\t\t<\/div>\n\t\t\t\t\t<\/div>\n\t\t<\/div>\n\t\t\t\t\t\t\t<\/div>\n\t\t<\/section>\n\t\t\t\t\t\t\t<\/div>\n\t\t","protected":false},"excerpt":{"rendered":"<p>Est\u00e1 pensando em abrir um neg\u00f3cio? A abertura e o gerenciamento de um novo neg\u00f3cio exigem um conjunto de habilidades e conhecimentos, como entender o mercado, o p\u00fablico e planejar bem cada etapa. Uma boa administra\u00e7\u00e3o considera, tamb\u00e9m, estrat\u00e9gias de marketing, um fluxo de caixa controlado e passa, ainda, por muita criatividade e inova\u00e7\u00e3o.\u2063\u2063Confira, seis [&hellip;]<\/p>\n","protected":false},"author":1,"featured_media":0,"parent":0,"menu_order":0,"comment_status":"closed","ping_status":"closed","template":"","meta":{"site-sidebar-layout":"no-sidebar","site-content-layout":"page-builder","ast-site-content-layout":"default","site-content-style":"default","site-sidebar-style":"default","ast-global-header-display":"","ast-banner-title-visibility":"","ast-main-header-display":"","ast-hfb-above-header-display":"","ast-hfb-below-header-display":"","ast-hfb-mobile-header-display":"","site-post-title":"disabled","ast-breadcrumbs-content":"","ast-featured-img":"disabled","footer-sml-layout":"","ast-disable-related-posts":"","theme-transparent-header-meta":"default","adv-header-id-meta":"","stick-header-meta":"","header-above-stick-meta":"","header-main-stick-meta":"","header-below-stick-meta":"","astra-migrate-meta-layouts":"default","ast-page-background-enabled":"default","ast-page-background-meta":{"desktop":{"background-color":"","background-image":"","background-repeat":"repeat","background-position":"center center","background-size":"auto","background-attachment":"scroll","background-type":"","background-media":"","overlay-type":"","overlay-color":"","overlay-opacity":"","overlay-gradient":""},"tablet":{"background-color":"","background-image":"","background-repeat":"repeat","background-position":"center center","background-size":"auto","background-attachment":"scroll","background-type":"","background-media":"","overlay-type":"","overlay-color":"","overlay-opacity":"","overlay-gradient":""},"mobile":{"background-color":"","background-image":"","background-repeat":"repeat","background-position":"center center","background-size":"auto","background-attachment":"scroll","background-type":"","background-media":"","overlay-type":"","overlay-color":"","overlay-opacity":"","overlay-gradient":""}},"ast-content-background-meta":{"desktop":{"background-color":"var(--ast-global-color-5)","background-image":"","background-repeat":"repeat","background-position":"center center","background-size":"auto","background-attachment":"scroll","background-type":"","background-media":"","overlay-type":"","overlay-color":"","overlay-opacity":"","overlay-gradient":""},"tablet":{"background-color":"var(--ast-global-color-5)","background-image":"","background-repeat":"repeat","background-position":"center center","background-size":"auto","background-attachment":"scroll","background-type":"","background-media":"","overlay-type":"","overlay-color":"","overlay-opacity":"","overlay-gradient":""},"mobile":{"background-color":"var(--ast-global-color-5)","background-image":"","background-repeat":"repeat","background-position":"center center","background-size":"auto","background-attachment":"scroll","background-type":"","background-media":"","overlay-type":"","overlay-color":"","overlay-opacity":"","overlay-gradient":""}},"footnotes":""},"class_list":["post-1085","page","type-page","status-publish","hentry"],"yoast_head":"<!-- This site is optimized with the Yoast SEO plugin v17.7 - https:\/\/yoast.com\/wordpress\/plugins\/seo\/ -->\n<title>Est\u00e1 pensando em abrir um neg\u00f3cio? - Wordpress<\/title>\n<meta name=\"robots\" content=\"index, follow, max-snippet:-1, max-image-preview:large, max-video-preview:-1\" \/>\n<link rel=\"canonical\" href=\"https:\/\/gestaocincoestrelas.com.br\/index.php\/abrirumnegocio\/\" \/>\n<meta property=\"og:locale\" content=\"en_US\" \/>\n<meta property=\"og:type\" content=\"article\" \/>\n<meta property=\"og:title\" content=\"Est\u00e1 pensando em abrir um neg\u00f3cio? - Wordpress\" \/>\n<meta property=\"og:description\" content=\"Est\u00e1 pensando em abrir um neg\u00f3cio? A abertura e o gerenciamento de um novo neg\u00f3cio exigem um conjunto de habilidades e conhecimentos, como entender o mercado, o p\u00fablico e planejar bem cada etapa. Uma boa administra\u00e7\u00e3o considera, tamb\u00e9m, estrat\u00e9gias de marketing, um fluxo de caixa controlado e passa, ainda, por muita criatividade e inova\u00e7\u00e3o.\u2063\u2063Confira, seis [&hellip;]\" \/>\n<meta property=\"og:url\" content=\"https:\/\/gestaocincoestrelas.com.br\/index.php\/abrirumnegocio\/\" \/>\n<meta property=\"og:site_name\" content=\"Wordpress\" \/>\n<meta property=\"article:modified_time\" content=\"2021-12-01T14:03:57+00:00\" \/>\n<meta property=\"og:image\" content=\"https:\/\/gestaocincoestrelas.com.br\/wp-content\/uploads\/elementor\/thumbs\/Michelli-Mattei-33-scaled-pcvswj8e383m271ru1ljfjv14zbyk0bs06zm7htwnc.jpg\" \/>\n<meta name=\"twitter:card\" content=\"summary_large_image\" \/>\n<meta name=\"twitter:label1\" content=\"Est. reading time\" \/>\n\t<meta name=\"twitter:data1\" content=\"2 minutes\" \/>\n<script type=\"application\/ld+json\" class=\"yoast-schema-graph\">{\"@context\":\"https:\/\/schema.org\",\"@graph\":[{\"@type\":\"Organization\",\"@id\":\"https:\/\/gestaocincoestrelas.com.br\/#organization\",\"name\":\"Gest\\u00e3o Cinco Estrelas\",\"url\":\"https:\/\/gestaocincoestrelas.com.br\/\",\"sameAs\":[\"https:\/\/www.instagram.com\/gestaocincoestrelas\/\"],\"logo\":{\"@type\":\"ImageObject\",\"@id\":\"https:\/\/gestaocincoestrelas.com.br\/#logo\",\"inLanguage\":\"en-US\",\"url\":\"https:\/\/gestaocincoestrelas.com.br\/wp-content\/uploads\/2021\/09\/cropped-0002branco-scaled-2.jpg\",\"contentUrl\":\"https:\/\/gestaocincoestrelas.com.br\/wp-content\/uploads\/2021\/09\/cropped-0002branco-scaled-2.jpg\",\"width\":2560,\"height\":854,\"caption\":\"Gest\\u00e3o Cinco Estrelas\"},\"image\":{\"@id\":\"https:\/\/gestaocincoestrelas.com.br\/#logo\"}},{\"@type\":\"WebSite\",\"@id\":\"https:\/\/gestaocincoestrelas.com.br\/#website\",\"url\":\"https:\/\/gestaocincoestrelas.com.br\/\",\"name\":\"Wordpress\",\"description\":\"Gest\\u00e3o para Restaurantes \",\"publisher\":{\"@id\":\"https:\/\/gestaocincoestrelas.com.br\/#organization\"},\"potentialAction\":[{\"@type\":\"SearchAction\",\"target\":{\"@type\":\"EntryPoint\",\"urlTemplate\":\"https:\/\/gestaocincoestrelas.com.br\/?s={search_term_string}\"},\"query-input\":\"required name=search_term_string\"}],\"inLanguage\":\"en-US\"},{\"@type\":\"ImageObject\",\"@id\":\"https:\/\/gestaocincoestrelas.com.br\/index.php\/abrirumnegocio\/#primaryimage\",\"inLanguage\":\"en-US\",\"url\":\"https:\/\/gestaocincoestrelas.com.br\/wp-content\/uploads\/elementor\/thumbs\/Michelli-Mattei-33-scaled-pcvswj8e383m271ru1ljfjv14zbyk0bs06zm7htwnc.jpg\",\"contentUrl\":\"https:\/\/gestaocincoestrelas.com.br\/wp-content\/uploads\/elementor\/thumbs\/Michelli-Mattei-33-scaled-pcvswj8e383m271ru1ljfjv14zbyk0bs06zm7htwnc.jpg\"},{\"@type\":\"WebPage\",\"@id\":\"https:\/\/gestaocincoestrelas.com.br\/index.php\/abrirumnegocio\/#webpage\",\"url\":\"https:\/\/gestaocincoestrelas.com.br\/index.php\/abrirumnegocio\/\",\"name\":\"Est\\u00e1 pensando em abrir um neg\\u00f3cio? - Wordpress\",\"isPartOf\":{\"@id\":\"https:\/\/gestaocincoestrelas.com.br\/#website\"},\"primaryImageOfPage\":{\"@id\":\"https:\/\/gestaocincoestrelas.com.br\/index.php\/abrirumnegocio\/#primaryimage\"},\"datePublished\":\"2021-09-22T20:38:49+00:00\",\"dateModified\":\"2021-12-01T14:03:57+00:00\",\"breadcrumb\":{\"@id\":\"https:\/\/gestaocincoestrelas.com.br\/index.php\/abrirumnegocio\/#breadcrumb\"},\"inLanguage\":\"en-US\",\"potentialAction\":[{\"@type\":\"ReadAction\",\"target\":[\"https:\/\/gestaocincoestrelas.com.br\/index.php\/abrirumnegocio\/\"]}]},{\"@type\":\"BreadcrumbList\",\"@id\":\"https:\/\/gestaocincoestrelas.com.br\/index.php\/abrirumnegocio\/#breadcrumb\",\"itemListElement\":[{\"@type\":\"ListItem\",\"position\":1,\"name\":\"In\\u00edcio\",\"item\":\"https:\/\/gestaocincoestrelas.com.br\/\"},{\"@type\":\"ListItem\",\"position\":2,\"name\":\"Est\\u00e1 pensando em abrir um neg\\u00f3cio?\"}]}]}<\/script>\n<!-- \/ Yoast SEO plugin. -->","yoast_head_json":{"title":"Est\u00e1 pensando em abrir um neg\u00f3cio? - Wordpress","robots":{"index":"index","follow":"follow","max-snippet":"max-snippet:-1","max-image-preview":"max-image-preview:large","max-video-preview":"max-video-preview:-1"},"canonical":"https:\/\/gestaocincoestrelas.com.br\/index.php\/abrirumnegocio\/","og_locale":"en_US","og_type":"article","og_title":"Est\u00e1 pensando em abrir um neg\u00f3cio? - Wordpress","og_description":"Est\u00e1 pensando em abrir um neg\u00f3cio? A abertura e o gerenciamento de um novo neg\u00f3cio exigem um conjunto de habilidades e conhecimentos, como entender o mercado, o p\u00fablico e planejar bem cada etapa. Uma boa administra\u00e7\u00e3o considera, tamb\u00e9m, estrat\u00e9gias de marketing, um fluxo de caixa controlado e passa, ainda, por muita criatividade e inova\u00e7\u00e3o.\u2063\u2063Confira, seis [&hellip;]","og_url":"https:\/\/gestaocincoestrelas.com.br\/index.php\/abrirumnegocio\/","og_site_name":"Wordpress","article_modified_time":"2021-12-01T14:03:57+00:00","og_image":[{"url":"https:\/\/gestaocincoestrelas.com.br\/wp-content\/uploads\/elementor\/thumbs\/Michelli-Mattei-33-scaled-pcvswj8e383m271ru1ljfjv14zbyk0bs06zm7htwnc.jpg"}],"twitter_card":"summary_large_image","twitter_misc":{"Est. reading time":"2 minutes"},"schema":{"@context":"https:\/\/schema.org","@graph":[{"@type":"Organization","@id":"https:\/\/gestaocincoestrelas.com.br\/#organization","name":"Gest\u00e3o Cinco Estrelas","url":"https:\/\/gestaocincoestrelas.com.br\/","sameAs":["https:\/\/www.instagram.com\/gestaocincoestrelas\/"],"logo":{"@type":"ImageObject","@id":"https:\/\/gestaocincoestrelas.com.br\/#logo","inLanguage":"en-US","url":"https:\/\/gestaocincoestrelas.com.br\/wp-content\/uploads\/2021\/09\/cropped-0002branco-scaled-2.jpg","contentUrl":"https:\/\/gestaocincoestrelas.com.br\/wp-content\/uploads\/2021\/09\/cropped-0002branco-scaled-2.jpg","width":2560,"height":854,"caption":"Gest\u00e3o Cinco Estrelas"},"image":{"@id":"https:\/\/gestaocincoestrelas.com.br\/#logo"}},{"@type":"WebSite","@id":"https:\/\/gestaocincoestrelas.com.br\/#website","url":"https:\/\/gestaocincoestrelas.com.br\/","name":"Wordpress","description":"Gest\u00e3o para Restaurantes ","publisher":{"@id":"https:\/\/gestaocincoestrelas.com.br\/#organization"},"potentialAction":[{"@type":"SearchAction","target":{"@type":"EntryPoint","urlTemplate":"https:\/\/gestaocincoestrelas.com.br\/?s={search_term_string}"},"query-input":"required name=search_term_string"}],"inLanguage":"en-US"},{"@type":"ImageObject","@id":"https:\/\/gestaocincoestrelas.com.br\/index.php\/abrirumnegocio\/#primaryimage","inLanguage":"en-US","url":"https:\/\/gestaocincoestrelas.com.br\/wp-content\/uploads\/elementor\/thumbs\/Michelli-Mattei-33-scaled-pcvswj8e383m271ru1ljfjv14zbyk0bs06zm7htwnc.jpg","contentUrl":"https:\/\/gestaocincoestrelas.com.br\/wp-content\/uploads\/elementor\/thumbs\/Michelli-Mattei-33-scaled-pcvswj8e383m271ru1ljfjv14zbyk0bs06zm7htwnc.jpg"},{"@type":"WebPage","@id":"https:\/\/gestaocincoestrelas.com.br\/index.php\/abrirumnegocio\/#webpage","url":"https:\/\/gestaocincoestrelas.com.br\/index.php\/abrirumnegocio\/","name":"Est\u00e1 pensando em abrir um neg\u00f3cio? - Wordpress","isPartOf":{"@id":"https:\/\/gestaocincoestrelas.com.br\/#website"},"primaryImageOfPage":{"@id":"https:\/\/gestaocincoestrelas.com.br\/index.php\/abrirumnegocio\/#primaryimage"},"datePublished":"2021-09-22T20:38:49+00:00","dateModified":"2021-12-01T14:03:57+00:00","breadcrumb":{"@id":"https:\/\/gestaocincoestrelas.com.br\/index.php\/abrirumnegocio\/#breadcrumb"},"inLanguage":"en-US","potentialAction":[{"@type":"ReadAction","target":["https:\/\/gestaocincoestrelas.com.br\/index.php\/abrirumnegocio\/"]}]},{"@type":"BreadcrumbList","@id":"https:\/\/gestaocincoestrelas.com.br\/index.php\/abrirumnegocio\/#breadcrumb","itemListElement":[{"@type":"ListItem","position":1,"name":"In\u00edcio","item":"https:\/\/gestaocincoestrelas.com.br\/"},{"@type":"ListItem","position":2,"name":"Est\u00e1 pensando em abrir um neg\u00f3cio?"}]}]}},"_links":{"self":[{"href":"https:\/\/gestaocincoestrelas.com.br\/index.php\/wp-json\/wp\/v2\/pages\/1085","targetHints":{"allow":["GET"]}}],"collection":[{"href":"https:\/\/gestaocincoestrelas.com.br\/index.php\/wp-json\/wp\/v2\/pages"}],"about":[{"href":"https:\/\/gestaocincoestrelas.com.br\/index.php\/wp-json\/wp\/v2\/types\/page"}],"author":[{"embeddable":true,"href":"https:\/\/gestaocincoestrelas.com.br\/index.php\/wp-json\/wp\/v2\/users\/1"}],"replies":[{"embeddable":true,"href":"https:\/\/gestaocincoestrelas.com.br\/index.php\/wp-json\/wp\/v2\/comments?post=1085"}],"version-history":[{"count":30,"href":"https:\/\/gestaocincoestrelas.com.br\/index.php\/wp-json\/wp\/v2\/pages\/1085\/revisions"}],"predecessor-version":[{"id":1511,"href":"https:\/\/gestaocincoestrelas.com.br\/index.php\/wp-json\/wp\/v2\/pages\/1085\/revisions\/1511"}],"wp:attachment":[{"href":"https:\/\/gestaocincoestrelas.com.br\/index.php\/wp-json\/wp\/v2\/media?parent=1085"}],"curies":[{"name":"wp","href":"https:\/\/api.w.org\/{rel}","templated":true}]}}