{"id":1144,"date":"2021-10-03T16:59:13","date_gmt":"2021-10-03T19:59:13","guid":{"rendered":"https:\/\/gestaocincoestrelas.com.br\/?page_id=1144"},"modified":"2021-12-01T11:14:24","modified_gmt":"2021-12-01T14:14:24","slug":"importanciadocardapio","status":"publish","type":"page","link":"https:\/\/gestaocincoestrelas.com.br\/index.php\/importanciadocardapio\/","title":{"rendered":"A Import\u00e2ncia do card\u00e1pio"},"content":{"rendered":"\t\t<div data-elementor-type=\"wp-page\" data-elementor-id=\"1144\" class=\"elementor elementor-1144\">\n\t\t\t\t\t\t\t\t\t<section class=\"elementor-section elementor-top-section elementor-element elementor-element-060c8f0 elementor-section-content-middle elementor-section-boxed elementor-section-height-default elementor-section-height-default\" data-id=\"060c8f0\" data-element_type=\"section\" data-settings=\"{&quot;background_background&quot;:&quot;classic&quot;}\">\n\t\t\t\t\t\t<div class=\"elementor-container elementor-column-gap-no\">\n\t\t\t\t\t<div class=\"elementor-column elementor-col-50 elementor-top-column elementor-element elementor-element-5a09ac0\" data-id=\"5a09ac0\" data-element_type=\"column\">\n\t\t\t<div class=\"elementor-widget-wrap elementor-element-populated\">\n\t\t\t\t\t\t\t\t<div class=\"elementor-element elementor-element-92e4c39 elementor-widget elementor-widget-image\" data-id=\"92e4c39\" data-element_type=\"widget\" data-widget_type=\"image.default\">\n\t\t\t\t<div class=\"elementor-widget-container\">\n\t\t\t<style>\/*! elementor - v3.18.0 - 20-12-2023 *\/\n.elementor-widget-image{text-align:center}.elementor-widget-image a{display:inline-block}.elementor-widget-image a img[src$=\".svg\"]{width:48px}.elementor-widget-image img{vertical-align:middle;display:inline-block}<\/style>\t\t\t\t\t\t\t\t\t\t\t\t<img decoding=\"async\" src=\"https:\/\/gestaocincoestrelas.com.br\/wp-content\/uploads\/elementor\/thumbs\/08-09-e1632324378561-pdhu8ea5vdc0w7athsqmwi1hxnt6583du5pya5pslk.png\" title=\"08-09\" alt=\"08-09\" loading=\"lazy\" \/>\t\t\t\t\t\t\t\t\t\t\t\t\t\t\t<\/div>\n\t\t\t\t<\/div>\n\t\t\t\t\t<\/div>\n\t\t<\/div>\n\t\t\t\t<div class=\"elementor-column elementor-col-50 elementor-top-column elementor-element elementor-element-b46cb6f\" data-id=\"b46cb6f\" data-element_type=\"column\">\n\t\t\t<div class=\"elementor-widget-wrap elementor-element-populated\">\n\t\t\t\t\t\t\t\t<div class=\"elementor-element elementor-element-292e001 elementor-widget elementor-widget-heading\" data-id=\"292e001\" data-element_type=\"widget\" data-widget_type=\"heading.default\">\n\t\t\t\t<div class=\"elementor-widget-container\">\n\t\t\t<style>\/*! elementor - v3.18.0 - 20-12-2023 *\/\n.elementor-heading-title{padding:0;margin:0;line-height:1}.elementor-widget-heading .elementor-heading-title[class*=elementor-size-]>a{color:inherit;font-size:inherit;line-height:inherit}.elementor-widget-heading .elementor-heading-title.elementor-size-small{font-size:15px}.elementor-widget-heading .elementor-heading-title.elementor-size-medium{font-size:19px}.elementor-widget-heading .elementor-heading-title.elementor-size-large{font-size:29px}.elementor-widget-heading .elementor-heading-title.elementor-size-xl{font-size:39px}.elementor-widget-heading .elementor-heading-title.elementor-size-xxl{font-size:59px}<\/style><h2 class=\"elementor-heading-title elementor-size-default\">A import\u00e2ncia do card\u00e1pio<br><br><\/h2>\t\t<\/div>\n\t\t\t\t<\/div>\n\t\t\t\t<div class=\"elementor-element elementor-element-80bbb03 elementor-widget elementor-widget-text-editor\" data-id=\"80bbb03\" data-element_type=\"widget\" data-widget_type=\"text-editor.default\">\n\t\t\t\t<div class=\"elementor-widget-container\">\n\t\t\t<style>\/*! elementor - v3.18.0 - 20-12-2023 *\/\n.elementor-widget-text-editor.elementor-drop-cap-view-stacked .elementor-drop-cap{background-color:#69727d;color:#fff}.elementor-widget-text-editor.elementor-drop-cap-view-framed .elementor-drop-cap{color:#69727d;border:3px solid;background-color:transparent}.elementor-widget-text-editor:not(.elementor-drop-cap-view-default) .elementor-drop-cap{margin-top:8px}.elementor-widget-text-editor:not(.elementor-drop-cap-view-default) .elementor-drop-cap-letter{width:1em;height:1em}.elementor-widget-text-editor .elementor-drop-cap{float:left;text-align:center;line-height:1;font-size:50px}.elementor-widget-text-editor .elementor-drop-cap-letter{display:inline-block}<\/style>\t\t\t\t<p>Etimologicamente, a palavra card\u00e1pio vem da aglutina\u00e7\u00e3o de dois termos latinos; charta, \u201cpapel\u201d, e dapum, \u201ciguarias\u201d. \u2063\u2063<br \/>\u2063<br \/>O card\u00e1pio possui fun\u00e7\u00f5es que extrapolam a simples atribui\u00e7\u00e3o de apresentar as op\u00e7\u00f5es de produtos da casa.\u2063\u2063<br \/>\u2063<br \/>Para os clientes, o card\u00e1pio ocupa um papel essencial na experi\u00eancia gastron\u00f4mica. Nele \u00e9 contada uma hist\u00f3ria, n\u00e3o s\u00f3 dos pratos, mas da mensagem maior sobre o prop\u00f3sito do restaurante, atrav\u00e9s de sua gastronomia e hist\u00f3ria.\u2063\u2063<br \/>\u2063<br \/>\u00c9 poss\u00edvel, atrav\u00e9s de um card\u00e1pio bem elaborado, termos a primeira impress\u00e3o sobre um restaurante em que entramos pela primeira vez. Ele reflete a imagem da casa.\u2063\u2063<br \/>\u2063<br \/>Sua confec\u00e7\u00e3o pode alavancar as vendas, como tamb\u00e9m, sendo mal executada, pode levar \u00e0 fal\u00eancia. \u2063\u2063<br \/>\u2063<br \/>E n\u00e3o \u00e9 s\u00f3 de pratos que vive um neg\u00f3cio. Segundo a Associa\u00e7\u00e3o Brasileira de Bares e Restaurantes (ABRASEL), a vendas de bebidas em um restaurante representa entre 40% e 60% do seu faturamento.\u2063\u2063<br \/>Isso significa que \u00e9 vital que o card\u00e1pio de bebidas inspire uma aten\u00e7\u00e3o especial dos gestores. \u2063<br \/>\u2063<br \/>Apesar das bebidas montadas (drinks) representarem a maior fatia deste lucro, tendo em vista seu alto poder de transforma\u00e7\u00e3o e f\u00e1cil armazenagem, \u00e9 importante tamb\u00e9m levar em considera\u00e7\u00f5es os vinhos e as cervejas.\u2063\u2063<br \/>\u2063<br \/>Os card\u00e1pios s\u00e3o ferramentas de venda e indicadores de gest\u00e3o de restaurantes.\u2063\u2063<br \/>\u2063<br \/>Dedicar algumas horas de trabalho \u00e1rduo com uma boa gr\u00e1fica e um bom fot\u00f3grafo para desenvolver seu menu \u00e9 v\u00e1lido e com certeza lhe trar\u00e1 mais sucesso!\u2063\u2063<br \/>\u2063<\/p>\t\t\t\t\t\t<\/div>\n\t\t\t\t<\/div>\n\t\t\t\t\t<\/div>\n\t\t<\/div>\n\t\t\t\t\t\t\t<\/div>\n\t\t<\/section>\n\t\t\t\t<section class=\"elementor-section elementor-top-section elementor-element elementor-element-33560f3 elementor-section-boxed elementor-section-height-default elementor-section-height-default\" data-id=\"33560f3\" data-element_type=\"section\">\n\t\t\t\t\t\t<div class=\"elementor-container elementor-column-gap-default\">\n\t\t\t\t\t<div class=\"elementor-column elementor-col-100 elementor-top-column elementor-element elementor-element-765c798\" data-id=\"765c798\" data-element_type=\"column\">\n\t\t\t<div class=\"elementor-widget-wrap elementor-element-populated\">\n\t\t\t\t\t\t\t\t<div class=\"elementor-element elementor-element-1f96625 elementor-align-center elementor-widget elementor-widget-button\" data-id=\"1f96625\" data-element_type=\"widget\" data-widget_type=\"button.default\">\n\t\t\t\t<div class=\"elementor-widget-container\">\n\t\t\t\t\t<div class=\"elementor-button-wrapper\">\n\t\t\t<a class=\"elementor-button elementor-button-link elementor-size-sm\" href=\"https:\/\/gestaocincoestrelas.com.br\/index.php\/gestaocincoestrelasblog\/\">\n\t\t\t\t\t\t<span class=\"elementor-button-content-wrapper\">\n\t\t\t\t\t\t<span class=\"elementor-button-text\">Voltar<\/span>\n\t\t<\/span>\n\t\t\t\t\t<\/a>\n\t\t<\/div>\n\t\t\t\t<\/div>\n\t\t\t\t<\/div>\n\t\t\t\t\t<\/div>\n\t\t<\/div>\n\t\t\t\t\t\t\t<\/div>\n\t\t<\/section>\n\t\t\t\t\t\t\t<\/div>\n\t\t","protected":false},"excerpt":{"rendered":"<p>A import\u00e2ncia do card\u00e1pio Etimologicamente, a palavra card\u00e1pio vem da aglutina\u00e7\u00e3o de dois termos latinos; charta, \u201cpapel\u201d, e dapum, \u201ciguarias\u201d. \u2063\u2063\u2063O card\u00e1pio possui fun\u00e7\u00f5es que extrapolam a simples atribui\u00e7\u00e3o de apresentar as op\u00e7\u00f5es de produtos da casa.\u2063\u2063\u2063Para os clientes, o card\u00e1pio ocupa um papel essencial na experi\u00eancia gastron\u00f4mica. Nele \u00e9 contada uma hist\u00f3ria, n\u00e3o s\u00f3 [&hellip;]<\/p>\n","protected":false},"author":1,"featured_media":0,"parent":0,"menu_order":0,"comment_status":"closed","ping_status":"closed","template":"","meta":{"site-sidebar-layout":"no-sidebar","site-content-layout":"page-builder","ast-site-content-layout":"default","site-content-style":"default","site-sidebar-style":"default","ast-global-header-display":"","ast-banner-title-visibility":"","ast-main-header-display":"","ast-hfb-above-header-display":"","ast-hfb-below-header-display":"","ast-hfb-mobile-header-display":"","site-post-title":"disabled","ast-breadcrumbs-content":"","ast-featured-img":"disabled","footer-sml-layout":"","ast-disable-related-posts":"","theme-transparent-header-meta":"default","adv-header-id-meta":"","stick-header-meta":"","header-above-stick-meta":"","header-main-stick-meta":"","header-below-stick-meta":"","astra-migrate-meta-layouts":"default","ast-page-background-enabled":"default","ast-page-background-meta":{"desktop":{"background-color":"","background-image":"","background-repeat":"repeat","background-position":"center center","background-size":"auto","background-attachment":"scroll","background-type":"","background-media":"","overlay-type":"","overlay-color":"","overlay-opacity":"","overlay-gradient":""},"tablet":{"background-color":"","background-image":"","background-repeat":"repeat","background-position":"center center","background-size":"auto","background-attachment":"scroll","background-type":"","background-media":"","overlay-type":"","overlay-color":"","overlay-opacity":"","overlay-gradient":""},"mobile":{"background-color":"","background-image":"","background-repeat":"repeat","background-position":"center center","background-size":"auto","background-attachment":"scroll","background-type":"","background-media":"","overlay-type":"","overlay-color":"","overlay-opacity":"","overlay-gradient":""}},"ast-content-background-meta":{"desktop":{"background-color":"var(--ast-global-color-5)","background-image":"","background-repeat":"repeat","background-position":"center center","background-size":"auto","background-attachment":"scroll","background-type":"","background-media":"","overlay-type":"","overlay-color":"","overlay-opacity":"","overlay-gradient":""},"tablet":{"background-color":"var(--ast-global-color-5)","background-image":"","background-repeat":"repeat","background-position":"center center","background-size":"auto","background-attachment":"scroll","background-type":"","background-media":"","overlay-type":"","overlay-color":"","overlay-opacity":"","overlay-gradient":""},"mobile":{"background-color":"var(--ast-global-color-5)","background-image":"","background-repeat":"repeat","background-position":"center center","background-size":"auto","background-attachment":"scroll","background-type":"","background-media":"","overlay-type":"","overlay-color":"","overlay-opacity":"","overlay-gradient":""}},"footnotes":""},"class_list":["post-1144","page","type-page","status-publish","hentry"],"yoast_head":"<!-- This site is optimized with the Yoast SEO plugin v17.7 - https:\/\/yoast.com\/wordpress\/plugins\/seo\/ -->\n<title>A Import\u00e2ncia do card\u00e1pio - Wordpress<\/title>\n<meta name=\"robots\" content=\"index, follow, max-snippet:-1, max-image-preview:large, max-video-preview:-1\" \/>\n<link rel=\"canonical\" href=\"https:\/\/gestaocincoestrelas.com.br\/index.php\/importanciadocardapio\/\" \/>\n<meta property=\"og:locale\" content=\"en_US\" \/>\n<meta property=\"og:type\" content=\"article\" \/>\n<meta property=\"og:title\" content=\"A Import\u00e2ncia do card\u00e1pio - Wordpress\" \/>\n<meta property=\"og:description\" content=\"A import\u00e2ncia do card\u00e1pio Etimologicamente, a palavra card\u00e1pio vem da aglutina\u00e7\u00e3o de dois termos latinos; charta, \u201cpapel\u201d, e dapum, \u201ciguarias\u201d. \u2063\u2063\u2063O card\u00e1pio possui fun\u00e7\u00f5es que extrapolam a simples atribui\u00e7\u00e3o de apresentar as op\u00e7\u00f5es de produtos da casa.\u2063\u2063\u2063Para os clientes, o card\u00e1pio ocupa um papel essencial na experi\u00eancia gastron\u00f4mica. Nele \u00e9 contada uma hist\u00f3ria, n\u00e3o s\u00f3 [&hellip;]\" \/>\n<meta property=\"og:url\" content=\"https:\/\/gestaocincoestrelas.com.br\/index.php\/importanciadocardapio\/\" \/>\n<meta property=\"og:site_name\" content=\"Wordpress\" \/>\n<meta property=\"article:modified_time\" content=\"2021-12-01T14:14:24+00:00\" \/>\n<meta property=\"og:image\" content=\"https:\/\/gestaocincoestrelas.com.br\/wp-content\/uploads\/elementor\/thumbs\/08-09-e1632324378561-pdhu8ea5vdc0w7athsqmwi1hxnt6583du5pya5psj2.png\" \/>\n<meta name=\"twitter:card\" content=\"summary_large_image\" \/>\n<meta name=\"twitter:label1\" content=\"Est. reading time\" \/>\n\t<meta name=\"twitter:data1\" content=\"2 minutes\" \/>\n<script type=\"application\/ld+json\" class=\"yoast-schema-graph\">{\"@context\":\"https:\/\/schema.org\",\"@graph\":[{\"@type\":\"Organization\",\"@id\":\"https:\/\/gestaocincoestrelas.com.br\/#organization\",\"name\":\"Gest\\u00e3o Cinco Estrelas\",\"url\":\"https:\/\/gestaocincoestrelas.com.br\/\",\"sameAs\":[\"https:\/\/www.instagram.com\/gestaocincoestrelas\/\"],\"logo\":{\"@type\":\"ImageObject\",\"@id\":\"https:\/\/gestaocincoestrelas.com.br\/#logo\",\"inLanguage\":\"en-US\",\"url\":\"https:\/\/gestaocincoestrelas.com.br\/wp-content\/uploads\/2021\/09\/cropped-0002branco-scaled-2.jpg\",\"contentUrl\":\"https:\/\/gestaocincoestrelas.com.br\/wp-content\/uploads\/2021\/09\/cropped-0002branco-scaled-2.jpg\",\"width\":2560,\"height\":854,\"caption\":\"Gest\\u00e3o Cinco Estrelas\"},\"image\":{\"@id\":\"https:\/\/gestaocincoestrelas.com.br\/#logo\"}},{\"@type\":\"WebSite\",\"@id\":\"https:\/\/gestaocincoestrelas.com.br\/#website\",\"url\":\"https:\/\/gestaocincoestrelas.com.br\/\",\"name\":\"Wordpress\",\"description\":\"Gest\\u00e3o para Restaurantes \",\"publisher\":{\"@id\":\"https:\/\/gestaocincoestrelas.com.br\/#organization\"},\"potentialAction\":[{\"@type\":\"SearchAction\",\"target\":{\"@type\":\"EntryPoint\",\"urlTemplate\":\"https:\/\/gestaocincoestrelas.com.br\/?s={search_term_string}\"},\"query-input\":\"required name=search_term_string\"}],\"inLanguage\":\"en-US\"},{\"@type\":\"ImageObject\",\"@id\":\"https:\/\/gestaocincoestrelas.com.br\/index.php\/importanciadocardapio\/#primaryimage\",\"inLanguage\":\"en-US\",\"url\":\"https:\/\/gestaocincoestrelas.com.br\/wp-content\/uploads\/elementor\/thumbs\/08-09-e1632324378561-pdhu8ea5vdc0w7athsqmwi1hxnt6583du5pya5psj2.png\",\"contentUrl\":\"https:\/\/gestaocincoestrelas.com.br\/wp-content\/uploads\/elementor\/thumbs\/08-09-e1632324378561-pdhu8ea5vdc0w7athsqmwi1hxnt6583du5pya5psj2.png\"},{\"@type\":\"WebPage\",\"@id\":\"https:\/\/gestaocincoestrelas.com.br\/index.php\/importanciadocardapio\/#webpage\",\"url\":\"https:\/\/gestaocincoestrelas.com.br\/index.php\/importanciadocardapio\/\",\"name\":\"A Import\\u00e2ncia do card\\u00e1pio - Wordpress\",\"isPartOf\":{\"@id\":\"https:\/\/gestaocincoestrelas.com.br\/#website\"},\"primaryImageOfPage\":{\"@id\":\"https:\/\/gestaocincoestrelas.com.br\/index.php\/importanciadocardapio\/#primaryimage\"},\"datePublished\":\"2021-10-03T19:59:13+00:00\",\"dateModified\":\"2021-12-01T14:14:24+00:00\",\"breadcrumb\":{\"@id\":\"https:\/\/gestaocincoestrelas.com.br\/index.php\/importanciadocardapio\/#breadcrumb\"},\"inLanguage\":\"en-US\",\"potentialAction\":[{\"@type\":\"ReadAction\",\"target\":[\"https:\/\/gestaocincoestrelas.com.br\/index.php\/importanciadocardapio\/\"]}]},{\"@type\":\"BreadcrumbList\",\"@id\":\"https:\/\/gestaocincoestrelas.com.br\/index.php\/importanciadocardapio\/#breadcrumb\",\"itemListElement\":[{\"@type\":\"ListItem\",\"position\":1,\"name\":\"In\\u00edcio\",\"item\":\"https:\/\/gestaocincoestrelas.com.br\/\"},{\"@type\":\"ListItem\",\"position\":2,\"name\":\"A Import\\u00e2ncia do card\\u00e1pio\"}]}]}<\/script>\n<!-- \/ Yoast SEO plugin. -->","yoast_head_json":{"title":"A Import\u00e2ncia do card\u00e1pio - Wordpress","robots":{"index":"index","follow":"follow","max-snippet":"max-snippet:-1","max-image-preview":"max-image-preview:large","max-video-preview":"max-video-preview:-1"},"canonical":"https:\/\/gestaocincoestrelas.com.br\/index.php\/importanciadocardapio\/","og_locale":"en_US","og_type":"article","og_title":"A Import\u00e2ncia do card\u00e1pio - Wordpress","og_description":"A import\u00e2ncia do card\u00e1pio Etimologicamente, a palavra card\u00e1pio vem da aglutina\u00e7\u00e3o de dois termos latinos; charta, \u201cpapel\u201d, e dapum, \u201ciguarias\u201d. \u2063\u2063\u2063O card\u00e1pio possui fun\u00e7\u00f5es que extrapolam a simples atribui\u00e7\u00e3o de apresentar as op\u00e7\u00f5es de produtos da casa.\u2063\u2063\u2063Para os clientes, o card\u00e1pio ocupa um papel essencial na experi\u00eancia gastron\u00f4mica. Nele \u00e9 contada uma hist\u00f3ria, n\u00e3o s\u00f3 [&hellip;]","og_url":"https:\/\/gestaocincoestrelas.com.br\/index.php\/importanciadocardapio\/","og_site_name":"Wordpress","article_modified_time":"2021-12-01T14:14:24+00:00","og_image":[{"url":"https:\/\/gestaocincoestrelas.com.br\/wp-content\/uploads\/elementor\/thumbs\/08-09-e1632324378561-pdhu8ea5vdc0w7athsqmwi1hxnt6583du5pya5psj2.png"}],"twitter_card":"summary_large_image","twitter_misc":{"Est. reading time":"2 minutes"},"schema":{"@context":"https:\/\/schema.org","@graph":[{"@type":"Organization","@id":"https:\/\/gestaocincoestrelas.com.br\/#organization","name":"Gest\u00e3o Cinco Estrelas","url":"https:\/\/gestaocincoestrelas.com.br\/","sameAs":["https:\/\/www.instagram.com\/gestaocincoestrelas\/"],"logo":{"@type":"ImageObject","@id":"https:\/\/gestaocincoestrelas.com.br\/#logo","inLanguage":"en-US","url":"https:\/\/gestaocincoestrelas.com.br\/wp-content\/uploads\/2021\/09\/cropped-0002branco-scaled-2.jpg","contentUrl":"https:\/\/gestaocincoestrelas.com.br\/wp-content\/uploads\/2021\/09\/cropped-0002branco-scaled-2.jpg","width":2560,"height":854,"caption":"Gest\u00e3o Cinco Estrelas"},"image":{"@id":"https:\/\/gestaocincoestrelas.com.br\/#logo"}},{"@type":"WebSite","@id":"https:\/\/gestaocincoestrelas.com.br\/#website","url":"https:\/\/gestaocincoestrelas.com.br\/","name":"Wordpress","description":"Gest\u00e3o para Restaurantes ","publisher":{"@id":"https:\/\/gestaocincoestrelas.com.br\/#organization"},"potentialAction":[{"@type":"SearchAction","target":{"@type":"EntryPoint","urlTemplate":"https:\/\/gestaocincoestrelas.com.br\/?s={search_term_string}"},"query-input":"required name=search_term_string"}],"inLanguage":"en-US"},{"@type":"ImageObject","@id":"https:\/\/gestaocincoestrelas.com.br\/index.php\/importanciadocardapio\/#primaryimage","inLanguage":"en-US","url":"https:\/\/gestaocincoestrelas.com.br\/wp-content\/uploads\/elementor\/thumbs\/08-09-e1632324378561-pdhu8ea5vdc0w7athsqmwi1hxnt6583du5pya5psj2.png","contentUrl":"https:\/\/gestaocincoestrelas.com.br\/wp-content\/uploads\/elementor\/thumbs\/08-09-e1632324378561-pdhu8ea5vdc0w7athsqmwi1hxnt6583du5pya5psj2.png"},{"@type":"WebPage","@id":"https:\/\/gestaocincoestrelas.com.br\/index.php\/importanciadocardapio\/#webpage","url":"https:\/\/gestaocincoestrelas.com.br\/index.php\/importanciadocardapio\/","name":"A Import\u00e2ncia do card\u00e1pio - Wordpress","isPartOf":{"@id":"https:\/\/gestaocincoestrelas.com.br\/#website"},"primaryImageOfPage":{"@id":"https:\/\/gestaocincoestrelas.com.br\/index.php\/importanciadocardapio\/#primaryimage"},"datePublished":"2021-10-03T19:59:13+00:00","dateModified":"2021-12-01T14:14:24+00:00","breadcrumb":{"@id":"https:\/\/gestaocincoestrelas.com.br\/index.php\/importanciadocardapio\/#breadcrumb"},"inLanguage":"en-US","potentialAction":[{"@type":"ReadAction","target":["https:\/\/gestaocincoestrelas.com.br\/index.php\/importanciadocardapio\/"]}]},{"@type":"BreadcrumbList","@id":"https:\/\/gestaocincoestrelas.com.br\/index.php\/importanciadocardapio\/#breadcrumb","itemListElement":[{"@type":"ListItem","position":1,"name":"In\u00edcio","item":"https:\/\/gestaocincoestrelas.com.br\/"},{"@type":"ListItem","position":2,"name":"A Import\u00e2ncia do card\u00e1pio"}]}]}},"_links":{"self":[{"href":"https:\/\/gestaocincoestrelas.com.br\/index.php\/wp-json\/wp\/v2\/pages\/1144","targetHints":{"allow":["GET"]}}],"collection":[{"href":"https:\/\/gestaocincoestrelas.com.br\/index.php\/wp-json\/wp\/v2\/pages"}],"about":[{"href":"https:\/\/gestaocincoestrelas.com.br\/index.php\/wp-json\/wp\/v2\/types\/page"}],"author":[{"embeddable":true,"href":"https:\/\/gestaocincoestrelas.com.br\/index.php\/wp-json\/wp\/v2\/users\/1"}],"replies":[{"embeddable":true,"href":"https:\/\/gestaocincoestrelas.com.br\/index.php\/wp-json\/wp\/v2\/comments?post=1144"}],"version-history":[{"count":15,"href":"https:\/\/gestaocincoestrelas.com.br\/index.php\/wp-json\/wp\/v2\/pages\/1144\/revisions"}],"predecessor-version":[{"id":1529,"href":"https:\/\/gestaocincoestrelas.com.br\/index.php\/wp-json\/wp\/v2\/pages\/1144\/revisions\/1529"}],"wp:attachment":[{"href":"https:\/\/gestaocincoestrelas.com.br\/index.php\/wp-json\/wp\/v2\/media?parent=1144"}],"curies":[{"name":"wp","href":"https:\/\/api.w.org\/{rel}","templated":true}]}}