{"id":1161,"date":"2021-10-03T17:17:00","date_gmt":"2021-10-03T20:17:00","guid":{"rendered":"https:\/\/gestaocincoestrelas.com.br\/?page_id=1161"},"modified":"2021-12-01T11:12:59","modified_gmt":"2021-12-01T14:12:59","slug":"cozinhaprodutiva","status":"publish","type":"page","link":"https:\/\/gestaocincoestrelas.com.br\/index.php\/cozinhaprodutiva\/","title":{"rendered":"A cozinha do seu restaurante mais produtiva"},"content":{"rendered":"\t\t<div data-elementor-type=\"wp-page\" data-elementor-id=\"1161\" class=\"elementor elementor-1161\">\n\t\t\t\t\t\t\t\t\t<section class=\"elementor-section elementor-top-section elementor-element elementor-element-7d5e278 elementor-section-content-middle elementor-section-boxed elementor-section-height-default elementor-section-height-default\" data-id=\"7d5e278\" data-element_type=\"section\" data-settings=\"{&quot;background_background&quot;:&quot;classic&quot;}\">\n\t\t\t\t\t\t<div class=\"elementor-container elementor-column-gap-no\">\n\t\t\t\t\t<div class=\"elementor-column elementor-col-50 elementor-top-column elementor-element elementor-element-fb7fa6d\" data-id=\"fb7fa6d\" data-element_type=\"column\">\n\t\t\t<div class=\"elementor-widget-wrap elementor-element-populated\">\n\t\t\t\t\t\t\t\t<div class=\"elementor-element elementor-element-2ce93d5 elementor-widget elementor-widget-image\" data-id=\"2ce93d5\" data-element_type=\"widget\" data-widget_type=\"image.default\">\n\t\t\t\t<div class=\"elementor-widget-container\">\n\t\t\t<style>\/*! elementor - v3.18.0 - 20-12-2023 *\/\n.elementor-widget-image{text-align:center}.elementor-widget-image a{display:inline-block}.elementor-widget-image a img[src$=\".svg\"]{width:48px}.elementor-widget-image img{vertical-align:middle;display:inline-block}<\/style>\t\t\t\t\t\t\t\t\t\t\t\t<img decoding=\"async\" src=\"https:\/\/gestaocincoestrelas.com.br\/wp-content\/uploads\/elementor\/thumbs\/chef05-free-img-pcvafyef2r9zaxfjpdf7z6qgrbczsp36ils6ep34eg.jpg\" title=\"chef05-free-img.jpg\" alt=\"chef05-free-img.jpg\" loading=\"lazy\" \/>\t\t\t\t\t\t\t\t\t\t\t\t\t\t\t<\/div>\n\t\t\t\t<\/div>\n\t\t\t\t\t<\/div>\n\t\t<\/div>\n\t\t\t\t<div class=\"elementor-column elementor-col-50 elementor-top-column elementor-element elementor-element-d0d90c0\" data-id=\"d0d90c0\" data-element_type=\"column\">\n\t\t\t<div class=\"elementor-widget-wrap elementor-element-populated\">\n\t\t\t\t\t\t\t\t<div class=\"elementor-element elementor-element-d70d705 elementor-widget elementor-widget-heading\" data-id=\"d70d705\" data-element_type=\"widget\" data-widget_type=\"heading.default\">\n\t\t\t\t<div class=\"elementor-widget-container\">\n\t\t\t<style>\/*! elementor - v3.18.0 - 20-12-2023 *\/\n.elementor-heading-title{padding:0;margin:0;line-height:1}.elementor-widget-heading .elementor-heading-title[class*=elementor-size-]>a{color:inherit;font-size:inherit;line-height:inherit}.elementor-widget-heading .elementor-heading-title.elementor-size-small{font-size:15px}.elementor-widget-heading .elementor-heading-title.elementor-size-medium{font-size:19px}.elementor-widget-heading .elementor-heading-title.elementor-size-large{font-size:29px}.elementor-widget-heading .elementor-heading-title.elementor-size-xl{font-size:39px}.elementor-widget-heading .elementor-heading-title.elementor-size-xxl{font-size:59px}<\/style><h2 class=\"elementor-heading-title elementor-size-default\"><h2 class=\"elementor-heading-title elementor-size-default elementor-inline-editing pen\" data-elementor-setting-key=\"title\" data-pen-placeholder=\"Digite aqui...\" style=\"font-style: normal;\">A cozinha do seu restaurante mais produtiva <\/h2><\/h2>\t\t<\/div>\n\t\t\t\t<\/div>\n\t\t\t\t<div class=\"elementor-element elementor-element-907f332 elementor-widget elementor-widget-text-editor\" data-id=\"907f332\" data-element_type=\"widget\" data-widget_type=\"text-editor.default\">\n\t\t\t\t<div class=\"elementor-widget-container\">\n\t\t\t<style>\/*! elementor - v3.18.0 - 20-12-2023 *\/\n.elementor-widget-text-editor.elementor-drop-cap-view-stacked .elementor-drop-cap{background-color:#69727d;color:#fff}.elementor-widget-text-editor.elementor-drop-cap-view-framed .elementor-drop-cap{color:#69727d;border:3px solid;background-color:transparent}.elementor-widget-text-editor:not(.elementor-drop-cap-view-default) .elementor-drop-cap{margin-top:8px}.elementor-widget-text-editor:not(.elementor-drop-cap-view-default) .elementor-drop-cap-letter{width:1em;height:1em}.elementor-widget-text-editor .elementor-drop-cap{float:left;text-align:center;line-height:1;font-size:50px}.elementor-widget-text-editor .elementor-drop-cap-letter{display:inline-block}<\/style>\t\t\t\t<p>Praticamente todos os dias estou dentro de um restaurante e sei bem como funciona a cozinha e como todos lidam com produ\u00e7\u00f5es em grande escala.\u2800<\/p><p>Esses restaurantes precisam entregar todos os pedidos de forma organizada e devem utilizar de maneira eficiente os recursos e tempo dispon\u00edveis. \u2800<br \/>\u2800<br \/>Algumas formas de deixar a cozinha do seu restaurante mais produtiva s\u00e3o:\u2800<br \/>\u2800<br \/>\ud83d\udd39 Layout: o espa\u00e7o deve ser bem planejado e organizado, pensando nas etapas do trabalho. Deve ter praticidade, permitindo a circula\u00e7\u00e3o eficiente das pessoas e espa\u00e7os para prepara\u00e7\u00e3o de alimentos;\u2800<br \/>\u2800<br \/>\ud83d\udd39 Processos: \u00e9 preciso conhecer bem as etapas do trabalho, dando efic\u00e1cia \u00e0 opera\u00e7\u00e3o e reduzindo a m\u00e3o de obra e o tempo;\u2800<br \/>\u2800<br \/>\ud83d\udd39 Equipamentos: tenha equipamentos de qualidade, dur\u00e1veis e com bom desempenho;\u2800<br \/>\u2800<br \/>\ud83d\udd39 Equipe: invista em treinamento cont\u00ednuo dos funcion\u00e1rios, programas de incentivos e motivacionais para a equipe. Um colaborador satisfeito \u00e9 mais eficiente e a produtividade tende a aumentar.\u2800<br \/>\u2800<br \/>Seguindo essas dicas voc\u00ea conseguir\u00e1 aumentar a produtividade da sua cozinha e ter um neg\u00f3cio muito mais eficiente!\u00a0<\/p>\t\t\t\t\t\t<\/div>\n\t\t\t\t<\/div>\n\t\t\t\t\t<\/div>\n\t\t<\/div>\n\t\t\t\t\t\t\t<\/div>\n\t\t<\/section>\n\t\t\t\t<section class=\"elementor-section elementor-top-section elementor-element elementor-element-4e9ce68 elementor-section-boxed elementor-section-height-default elementor-section-height-default\" data-id=\"4e9ce68\" data-element_type=\"section\">\n\t\t\t\t\t\t<div class=\"elementor-container elementor-column-gap-default\">\n\t\t\t\t\t<div class=\"elementor-column elementor-col-100 elementor-top-column elementor-element elementor-element-a048ac0\" data-id=\"a048ac0\" data-element_type=\"column\">\n\t\t\t<div class=\"elementor-widget-wrap elementor-element-populated\">\n\t\t\t\t\t\t\t\t<div class=\"elementor-element elementor-element-1c2229e elementor-align-center elementor-widget elementor-widget-button\" data-id=\"1c2229e\" data-element_type=\"widget\" data-widget_type=\"button.default\">\n\t\t\t\t<div class=\"elementor-widget-container\">\n\t\t\t\t\t<div class=\"elementor-button-wrapper\">\n\t\t\t<a class=\"elementor-button elementor-button-link elementor-size-sm\" href=\"https:\/\/gestaocincoestrelas.com.br\/index.php\/gestaocincoestrelasblog\/\">\n\t\t\t\t\t\t<span class=\"elementor-button-content-wrapper\">\n\t\t\t\t\t\t<span class=\"elementor-button-text\">Voltar<\/span>\n\t\t<\/span>\n\t\t\t\t\t<\/a>\n\t\t<\/div>\n\t\t\t\t<\/div>\n\t\t\t\t<\/div>\n\t\t\t\t\t<\/div>\n\t\t<\/div>\n\t\t\t\t\t\t\t<\/div>\n\t\t<\/section>\n\t\t\t\t\t\t\t<\/div>\n\t\t","protected":false},"excerpt":{"rendered":"<p>A cozinha do seu restaurante mais produtiva Praticamente todos os dias estou dentro de um restaurante e sei bem como funciona a cozinha e como todos lidam com produ\u00e7\u00f5es em grande escala.\u2800 Esses restaurantes precisam entregar todos os pedidos de forma organizada e devem utilizar de maneira eficiente os recursos e tempo dispon\u00edveis. \u2800\u2800Algumas formas [&hellip;]<\/p>\n","protected":false},"author":1,"featured_media":0,"parent":0,"menu_order":0,"comment_status":"closed","ping_status":"closed","template":"","meta":{"site-sidebar-layout":"no-sidebar","site-content-layout":"page-builder","ast-site-content-layout":"default","site-content-style":"default","site-sidebar-style":"default","ast-global-header-display":"","ast-banner-title-visibility":"","ast-main-header-display":"","ast-hfb-above-header-display":"","ast-hfb-below-header-display":"","ast-hfb-mobile-header-display":"","site-post-title":"disabled","ast-breadcrumbs-content":"","ast-featured-img":"disabled","footer-sml-layout":"","ast-disable-related-posts":"","theme-transparent-header-meta":"default","adv-header-id-meta":"","stick-header-meta":"","header-above-stick-meta":"","header-main-stick-meta":"","header-below-stick-meta":"","astra-migrate-meta-layouts":"default","ast-page-background-enabled":"default","ast-page-background-meta":{"desktop":{"background-color":"","background-image":"","background-repeat":"repeat","background-position":"center center","background-size":"auto","background-attachment":"scroll","background-type":"","background-media":"","overlay-type":"","overlay-color":"","overlay-opacity":"","overlay-gradient":""},"tablet":{"background-color":"","background-image":"","background-repeat":"repeat","background-position":"center center","background-size":"auto","background-attachment":"scroll","background-type":"","background-media":"","overlay-type":"","overlay-color":"","overlay-opacity":"","overlay-gradient":""},"mobile":{"background-color":"","background-image":"","background-repeat":"repeat","background-position":"center center","background-size":"auto","background-attachment":"scroll","background-type":"","background-media":"","overlay-type":"","overlay-color":"","overlay-opacity":"","overlay-gradient":""}},"ast-content-background-meta":{"desktop":{"background-color":"var(--ast-global-color-5)","background-image":"","background-repeat":"repeat","background-position":"center center","background-size":"auto","background-attachment":"scroll","background-type":"","background-media":"","overlay-type":"","overlay-color":"","overlay-opacity":"","overlay-gradient":""},"tablet":{"background-color":"var(--ast-global-color-5)","background-image":"","background-repeat":"repeat","background-position":"center center","background-size":"auto","background-attachment":"scroll","background-type":"","background-media":"","overlay-type":"","overlay-color":"","overlay-opacity":"","overlay-gradient":""},"mobile":{"background-color":"var(--ast-global-color-5)","background-image":"","background-repeat":"repeat","background-position":"center center","background-size":"auto","background-attachment":"scroll","background-type":"","background-media":"","overlay-type":"","overlay-color":"","overlay-opacity":"","overlay-gradient":""}},"footnotes":""},"class_list":["post-1161","page","type-page","status-publish","hentry"],"yoast_head":"<!-- This site is optimized with the Yoast SEO plugin v17.7 - https:\/\/yoast.com\/wordpress\/plugins\/seo\/ -->\n<title>A cozinha do seu restaurante mais produtiva - Wordpress<\/title>\n<meta name=\"robots\" content=\"index, follow, max-snippet:-1, max-image-preview:large, max-video-preview:-1\" \/>\n<link rel=\"canonical\" href=\"https:\/\/gestaocincoestrelas.com.br\/index.php\/cozinhaprodutiva\/\" \/>\n<meta property=\"og:locale\" content=\"en_US\" \/>\n<meta property=\"og:type\" content=\"article\" \/>\n<meta property=\"og:title\" content=\"A cozinha do seu restaurante mais produtiva - Wordpress\" \/>\n<meta property=\"og:description\" content=\"A cozinha do seu restaurante mais produtiva Praticamente todos os dias estou dentro de um restaurante e sei bem como funciona a cozinha e como todos lidam com produ\u00e7\u00f5es em grande escala.\u2800 Esses restaurantes precisam entregar todos os pedidos de forma organizada e devem utilizar de maneira eficiente os recursos e tempo dispon\u00edveis. \u2800\u2800Algumas formas [&hellip;]\" \/>\n<meta property=\"og:url\" content=\"https:\/\/gestaocincoestrelas.com.br\/index.php\/cozinhaprodutiva\/\" \/>\n<meta property=\"og:site_name\" content=\"Wordpress\" \/>\n<meta property=\"article:modified_time\" content=\"2021-12-01T14:12:59+00:00\" \/>\n<meta property=\"og:image\" content=\"https:\/\/gestaocincoestrelas.com.br\/wp-content\/uploads\/elementor\/thumbs\/chef05-free-img-pcvafyef2r9zaxfjpdf7z6qgrbczsp36ils6ep34eg.jpg\" \/>\n<meta name=\"twitter:card\" content=\"summary_large_image\" \/>\n<meta name=\"twitter:label1\" content=\"Est. reading time\" \/>\n\t<meta name=\"twitter:data1\" content=\"2 minutes\" \/>\n<script type=\"application\/ld+json\" class=\"yoast-schema-graph\">{\"@context\":\"https:\/\/schema.org\",\"@graph\":[{\"@type\":\"Organization\",\"@id\":\"https:\/\/gestaocincoestrelas.com.br\/#organization\",\"name\":\"Gest\\u00e3o Cinco Estrelas\",\"url\":\"https:\/\/gestaocincoestrelas.com.br\/\",\"sameAs\":[\"https:\/\/www.instagram.com\/gestaocincoestrelas\/\"],\"logo\":{\"@type\":\"ImageObject\",\"@id\":\"https:\/\/gestaocincoestrelas.com.br\/#logo\",\"inLanguage\":\"en-US\",\"url\":\"https:\/\/gestaocincoestrelas.com.br\/wp-content\/uploads\/2021\/09\/cropped-0002branco-scaled-2.jpg\",\"contentUrl\":\"https:\/\/gestaocincoestrelas.com.br\/wp-content\/uploads\/2021\/09\/cropped-0002branco-scaled-2.jpg\",\"width\":2560,\"height\":854,\"caption\":\"Gest\\u00e3o Cinco Estrelas\"},\"image\":{\"@id\":\"https:\/\/gestaocincoestrelas.com.br\/#logo\"}},{\"@type\":\"WebSite\",\"@id\":\"https:\/\/gestaocincoestrelas.com.br\/#website\",\"url\":\"https:\/\/gestaocincoestrelas.com.br\/\",\"name\":\"Wordpress\",\"description\":\"Gest\\u00e3o para Restaurantes \",\"publisher\":{\"@id\":\"https:\/\/gestaocincoestrelas.com.br\/#organization\"},\"potentialAction\":[{\"@type\":\"SearchAction\",\"target\":{\"@type\":\"EntryPoint\",\"urlTemplate\":\"https:\/\/gestaocincoestrelas.com.br\/?s={search_term_string}\"},\"query-input\":\"required name=search_term_string\"}],\"inLanguage\":\"en-US\"},{\"@type\":\"ImageObject\",\"@id\":\"https:\/\/gestaocincoestrelas.com.br\/index.php\/cozinhaprodutiva\/#primaryimage\",\"inLanguage\":\"en-US\",\"url\":\"https:\/\/gestaocincoestrelas.com.br\/wp-content\/uploads\/elementor\/thumbs\/chef05-free-img-pcvafyef2r9zaxfjpdf7z6qgrbczsp36ils6ep34eg.jpg\",\"contentUrl\":\"https:\/\/gestaocincoestrelas.com.br\/wp-content\/uploads\/elementor\/thumbs\/chef05-free-img-pcvafyef2r9zaxfjpdf7z6qgrbczsp36ils6ep34eg.jpg\"},{\"@type\":\"WebPage\",\"@id\":\"https:\/\/gestaocincoestrelas.com.br\/index.php\/cozinhaprodutiva\/#webpage\",\"url\":\"https:\/\/gestaocincoestrelas.com.br\/index.php\/cozinhaprodutiva\/\",\"name\":\"A cozinha do seu restaurante mais produtiva - Wordpress\",\"isPartOf\":{\"@id\":\"https:\/\/gestaocincoestrelas.com.br\/#website\"},\"primaryImageOfPage\":{\"@id\":\"https:\/\/gestaocincoestrelas.com.br\/index.php\/cozinhaprodutiva\/#primaryimage\"},\"datePublished\":\"2021-10-03T20:17:00+00:00\",\"dateModified\":\"2021-12-01T14:12:59+00:00\",\"breadcrumb\":{\"@id\":\"https:\/\/gestaocincoestrelas.com.br\/index.php\/cozinhaprodutiva\/#breadcrumb\"},\"inLanguage\":\"en-US\",\"potentialAction\":[{\"@type\":\"ReadAction\",\"target\":[\"https:\/\/gestaocincoestrelas.com.br\/index.php\/cozinhaprodutiva\/\"]}]},{\"@type\":\"BreadcrumbList\",\"@id\":\"https:\/\/gestaocincoestrelas.com.br\/index.php\/cozinhaprodutiva\/#breadcrumb\",\"itemListElement\":[{\"@type\":\"ListItem\",\"position\":1,\"name\":\"In\\u00edcio\",\"item\":\"https:\/\/gestaocincoestrelas.com.br\/\"},{\"@type\":\"ListItem\",\"position\":2,\"name\":\"A cozinha do seu restaurante mais produtiva\"}]}]}<\/script>\n<!-- \/ Yoast SEO plugin. -->","yoast_head_json":{"title":"A cozinha do seu restaurante mais produtiva - Wordpress","robots":{"index":"index","follow":"follow","max-snippet":"max-snippet:-1","max-image-preview":"max-image-preview:large","max-video-preview":"max-video-preview:-1"},"canonical":"https:\/\/gestaocincoestrelas.com.br\/index.php\/cozinhaprodutiva\/","og_locale":"en_US","og_type":"article","og_title":"A cozinha do seu restaurante mais produtiva - Wordpress","og_description":"A cozinha do seu restaurante mais produtiva Praticamente todos os dias estou dentro de um restaurante e sei bem como funciona a cozinha e como todos lidam com produ\u00e7\u00f5es em grande escala.\u2800 Esses restaurantes precisam entregar todos os pedidos de forma organizada e devem utilizar de maneira eficiente os recursos e tempo dispon\u00edveis. \u2800\u2800Algumas formas [&hellip;]","og_url":"https:\/\/gestaocincoestrelas.com.br\/index.php\/cozinhaprodutiva\/","og_site_name":"Wordpress","article_modified_time":"2021-12-01T14:12:59+00:00","og_image":[{"url":"https:\/\/gestaocincoestrelas.com.br\/wp-content\/uploads\/elementor\/thumbs\/chef05-free-img-pcvafyef2r9zaxfjpdf7z6qgrbczsp36ils6ep34eg.jpg"}],"twitter_card":"summary_large_image","twitter_misc":{"Est. reading time":"2 minutes"},"schema":{"@context":"https:\/\/schema.org","@graph":[{"@type":"Organization","@id":"https:\/\/gestaocincoestrelas.com.br\/#organization","name":"Gest\u00e3o Cinco Estrelas","url":"https:\/\/gestaocincoestrelas.com.br\/","sameAs":["https:\/\/www.instagram.com\/gestaocincoestrelas\/"],"logo":{"@type":"ImageObject","@id":"https:\/\/gestaocincoestrelas.com.br\/#logo","inLanguage":"en-US","url":"https:\/\/gestaocincoestrelas.com.br\/wp-content\/uploads\/2021\/09\/cropped-0002branco-scaled-2.jpg","contentUrl":"https:\/\/gestaocincoestrelas.com.br\/wp-content\/uploads\/2021\/09\/cropped-0002branco-scaled-2.jpg","width":2560,"height":854,"caption":"Gest\u00e3o Cinco Estrelas"},"image":{"@id":"https:\/\/gestaocincoestrelas.com.br\/#logo"}},{"@type":"WebSite","@id":"https:\/\/gestaocincoestrelas.com.br\/#website","url":"https:\/\/gestaocincoestrelas.com.br\/","name":"Wordpress","description":"Gest\u00e3o para Restaurantes ","publisher":{"@id":"https:\/\/gestaocincoestrelas.com.br\/#organization"},"potentialAction":[{"@type":"SearchAction","target":{"@type":"EntryPoint","urlTemplate":"https:\/\/gestaocincoestrelas.com.br\/?s={search_term_string}"},"query-input":"required name=search_term_string"}],"inLanguage":"en-US"},{"@type":"ImageObject","@id":"https:\/\/gestaocincoestrelas.com.br\/index.php\/cozinhaprodutiva\/#primaryimage","inLanguage":"en-US","url":"https:\/\/gestaocincoestrelas.com.br\/wp-content\/uploads\/elementor\/thumbs\/chef05-free-img-pcvafyef2r9zaxfjpdf7z6qgrbczsp36ils6ep34eg.jpg","contentUrl":"https:\/\/gestaocincoestrelas.com.br\/wp-content\/uploads\/elementor\/thumbs\/chef05-free-img-pcvafyef2r9zaxfjpdf7z6qgrbczsp36ils6ep34eg.jpg"},{"@type":"WebPage","@id":"https:\/\/gestaocincoestrelas.com.br\/index.php\/cozinhaprodutiva\/#webpage","url":"https:\/\/gestaocincoestrelas.com.br\/index.php\/cozinhaprodutiva\/","name":"A cozinha do seu restaurante mais produtiva - Wordpress","isPartOf":{"@id":"https:\/\/gestaocincoestrelas.com.br\/#website"},"primaryImageOfPage":{"@id":"https:\/\/gestaocincoestrelas.com.br\/index.php\/cozinhaprodutiva\/#primaryimage"},"datePublished":"2021-10-03T20:17:00+00:00","dateModified":"2021-12-01T14:12:59+00:00","breadcrumb":{"@id":"https:\/\/gestaocincoestrelas.com.br\/index.php\/cozinhaprodutiva\/#breadcrumb"},"inLanguage":"en-US","potentialAction":[{"@type":"ReadAction","target":["https:\/\/gestaocincoestrelas.com.br\/index.php\/cozinhaprodutiva\/"]}]},{"@type":"BreadcrumbList","@id":"https:\/\/gestaocincoestrelas.com.br\/index.php\/cozinhaprodutiva\/#breadcrumb","itemListElement":[{"@type":"ListItem","position":1,"name":"In\u00edcio","item":"https:\/\/gestaocincoestrelas.com.br\/"},{"@type":"ListItem","position":2,"name":"A cozinha do seu restaurante mais produtiva"}]}]}},"_links":{"self":[{"href":"https:\/\/gestaocincoestrelas.com.br\/index.php\/wp-json\/wp\/v2\/pages\/1161","targetHints":{"allow":["GET"]}}],"collection":[{"href":"https:\/\/gestaocincoestrelas.com.br\/index.php\/wp-json\/wp\/v2\/pages"}],"about":[{"href":"https:\/\/gestaocincoestrelas.com.br\/index.php\/wp-json\/wp\/v2\/types\/page"}],"author":[{"embeddable":true,"href":"https:\/\/gestaocincoestrelas.com.br\/index.php\/wp-json\/wp\/v2\/users\/1"}],"replies":[{"embeddable":true,"href":"https:\/\/gestaocincoestrelas.com.br\/index.php\/wp-json\/wp\/v2\/comments?post=1161"}],"version-history":[{"count":13,"href":"https:\/\/gestaocincoestrelas.com.br\/index.php\/wp-json\/wp\/v2\/pages\/1161\/revisions"}],"predecessor-version":[{"id":1533,"href":"https:\/\/gestaocincoestrelas.com.br\/index.php\/wp-json\/wp\/v2\/pages\/1161\/revisions\/1533"}],"wp:attachment":[{"href":"https:\/\/gestaocincoestrelas.com.br\/index.php\/wp-json\/wp\/v2\/media?parent=1161"}],"curies":[{"name":"wp","href":"https:\/\/api.w.org\/{rel}","templated":true}]}}