{"id":1183,"date":"2021-10-03T17:30:01","date_gmt":"2021-10-03T20:30:01","guid":{"rendered":"https:\/\/gestaocincoestrelas.com.br\/?page_id=1183"},"modified":"2021-12-01T11:16:27","modified_gmt":"2021-12-01T14:16:27","slug":"gestaodecomprasprecospararestaurantes","status":"publish","type":"page","link":"https:\/\/gestaocincoestrelas.com.br\/index.php\/gestaodecomprasprecospararestaurantes\/","title":{"rendered":"Gest\u00e3o de compras: Como fazer cota\u00e7\u00f5es de pre\u00e7os para o seu restaurante"},"content":{"rendered":"\t\t<div data-elementor-type=\"wp-page\" data-elementor-id=\"1183\" class=\"elementor elementor-1183\">\n\t\t\t\t\t\t\t\t\t<section class=\"elementor-section elementor-top-section elementor-element elementor-element-2bc7e8a elementor-section-content-middle elementor-section-boxed elementor-section-height-default elementor-section-height-default\" data-id=\"2bc7e8a\" data-element_type=\"section\" data-settings=\"{&quot;background_background&quot;:&quot;classic&quot;}\">\n\t\t\t\t\t\t<div class=\"elementor-container elementor-column-gap-no\">\n\t\t\t\t\t<div class=\"elementor-column elementor-col-50 elementor-top-column elementor-element elementor-element-a02c2cb\" data-id=\"a02c2cb\" data-element_type=\"column\">\n\t\t\t<div class=\"elementor-widget-wrap elementor-element-populated\">\n\t\t\t\t\t\t\t\t<div class=\"elementor-element elementor-element-b7977a7 elementor-widget elementor-widget-image\" data-id=\"b7977a7\" data-element_type=\"widget\" data-widget_type=\"image.default\">\n\t\t\t\t<div class=\"elementor-widget-container\">\n\t\t\t<style>\/*! elementor - v3.18.0 - 20-12-2023 *\/\n.elementor-widget-image{text-align:center}.elementor-widget-image a{display:inline-block}.elementor-widget-image a img[src$=\".svg\"]{width:48px}.elementor-widget-image img{vertical-align:middle;display:inline-block}<\/style>\t\t\t\t\t\t\t\t\t\t\t\t<img decoding=\"async\" src=\"https:\/\/gestaocincoestrelas.com.br\/wp-content\/uploads\/elementor\/thumbs\/25-e1632266835836-pdgohy39lisvajxyvc4zux0vfb6qil9czn5a6ex6ww.png\" title=\"25\" alt=\"25\" loading=\"lazy\" \/>\t\t\t\t\t\t\t\t\t\t\t\t\t\t\t<\/div>\n\t\t\t\t<\/div>\n\t\t\t\t\t<\/div>\n\t\t<\/div>\n\t\t\t\t<div class=\"elementor-column elementor-col-50 elementor-top-column elementor-element elementor-element-319a2c4\" data-id=\"319a2c4\" data-element_type=\"column\">\n\t\t\t<div class=\"elementor-widget-wrap elementor-element-populated\">\n\t\t\t\t\t\t\t\t<div class=\"elementor-element elementor-element-72a815e elementor-widget elementor-widget-heading\" data-id=\"72a815e\" data-element_type=\"widget\" data-widget_type=\"heading.default\">\n\t\t\t\t<div class=\"elementor-widget-container\">\n\t\t\t<style>\/*! elementor - v3.18.0 - 20-12-2023 *\/\n.elementor-heading-title{padding:0;margin:0;line-height:1}.elementor-widget-heading .elementor-heading-title[class*=elementor-size-]>a{color:inherit;font-size:inherit;line-height:inherit}.elementor-widget-heading .elementor-heading-title.elementor-size-small{font-size:15px}.elementor-widget-heading .elementor-heading-title.elementor-size-medium{font-size:19px}.elementor-widget-heading .elementor-heading-title.elementor-size-large{font-size:29px}.elementor-widget-heading .elementor-heading-title.elementor-size-xl{font-size:39px}.elementor-widget-heading .elementor-heading-title.elementor-size-xxl{font-size:59px}<\/style><h2 class=\"elementor-heading-title elementor-size-default\">Gest\u00e3o de compras: Como fazer cota\u00e7\u00f5es de pre\u00e7os para o seu restaurante<br><br><\/h2>\t\t<\/div>\n\t\t\t\t<\/div>\n\t\t\t\t<div class=\"elementor-element elementor-element-c88be31 elementor-widget elementor-widget-text-editor\" data-id=\"c88be31\" data-element_type=\"widget\" data-widget_type=\"text-editor.default\">\n\t\t\t\t<div class=\"elementor-widget-container\">\n\t\t\t<style>\/*! elementor - v3.18.0 - 20-12-2023 *\/\n.elementor-widget-text-editor.elementor-drop-cap-view-stacked .elementor-drop-cap{background-color:#69727d;color:#fff}.elementor-widget-text-editor.elementor-drop-cap-view-framed .elementor-drop-cap{color:#69727d;border:3px solid;background-color:transparent}.elementor-widget-text-editor:not(.elementor-drop-cap-view-default) .elementor-drop-cap{margin-top:8px}.elementor-widget-text-editor:not(.elementor-drop-cap-view-default) .elementor-drop-cap-letter{width:1em;height:1em}.elementor-widget-text-editor .elementor-drop-cap{float:left;text-align:center;line-height:1;font-size:50px}.elementor-widget-text-editor .elementor-drop-cap-letter{display:inline-block}<\/style>\t\t\t\t<p>Toda empresa precisa realizar compras e, se n\u00e3o h\u00e1 um departamento exclusivo para essa finalidade, \u00e9 necess\u00e1rio ter algu\u00e9m respons\u00e1vel pela cota\u00e7\u00e3o de pre\u00e7os e pela gest\u00e3o das compras.\u00a0<br \/>\u2800<br \/>\u00c9 importante que esse processo ocorra de maneira adequada para n\u00e3o haver nenhum preju\u00edzo e, inclusive, at\u00e9 poder economizar.\u00a0<br \/>\u2800<br \/>Algumas regras s\u00e3o fundamentais para uma compra eficiente e a principal delas \u00e9 a cota\u00e7\u00e3o de pre\u00e7os junto aos fornecedores. Dentro desse item, alguns passos precisam ser seguidos:\u2800<br \/>\u2800<br \/>\ud83d\udd38 N\u00e3o aceite a primeira oferta: procure negociar mais, pe\u00e7a descontos e veja se as condi\u00e7\u00f5es de pagamento s\u00e3o atraentes e n\u00e3o interferem no pre\u00e7o final;\u2800<br \/>\ud83d\udd38 Fa\u00e7a no m\u00ednimo tr\u00eas cota\u00e7\u00f5es: isso permite compara\u00e7\u00f5es e a possibilidade de encontrar os melhores fornecedores;\u2800<br \/>\ud83d\udd38 Estabele\u00e7a uma lista dos materiais a serem adquiridos: a lista ajuda a comprar o que realmente precisa, considerando o estoque da empresa;\u2800<br \/>\ud83d\udd38 Negocie antes de fechar a compra: tente o menor pre\u00e7o com as melhores condi\u00e7\u00f5es de pagamento e de prazos de entrega. Verifique a possibilidade de pre\u00e7os mais baixos para um volume maior de compra.\u2800<br \/>\u2800<br \/>E, obviamente, seguindo os passos acima, sua negocia\u00e7\u00e3o deve ser com o fornecedor que tiver a melhor cota\u00e7\u00e3o. Uma gest\u00e3o de compras bem organizada come\u00e7a com uma boa e eficiente cota\u00e7\u00e3o de pre\u00e7os.\u00a0<\/p>\t\t\t\t\t\t<\/div>\n\t\t\t\t<\/div>\n\t\t\t\t\t<\/div>\n\t\t<\/div>\n\t\t\t\t\t\t\t<\/div>\n\t\t<\/section>\n\t\t\t\t<section class=\"elementor-section elementor-top-section elementor-element elementor-element-2c0fdb2 elementor-section-boxed elementor-section-height-default elementor-section-height-default\" data-id=\"2c0fdb2\" data-element_type=\"section\">\n\t\t\t\t\t\t<div class=\"elementor-container elementor-column-gap-default\">\n\t\t\t\t\t<div class=\"elementor-column elementor-col-100 elementor-top-column elementor-element elementor-element-cdd9a65\" data-id=\"cdd9a65\" data-element_type=\"column\">\n\t\t\t<div class=\"elementor-widget-wrap elementor-element-populated\">\n\t\t\t\t\t\t\t\t<div class=\"elementor-element elementor-element-f36e9ba elementor-align-center elementor-widget elementor-widget-button\" data-id=\"f36e9ba\" data-element_type=\"widget\" data-widget_type=\"button.default\">\n\t\t\t\t<div class=\"elementor-widget-container\">\n\t\t\t\t\t<div class=\"elementor-button-wrapper\">\n\t\t\t<a class=\"elementor-button elementor-button-link elementor-size-sm\" href=\"https:\/\/gestaocincoestrelas.com.br\/index.php\/gestaocincoestrelasblog\/\">\n\t\t\t\t\t\t<span class=\"elementor-button-content-wrapper\">\n\t\t\t\t\t\t<span class=\"elementor-button-text\">Voltar<\/span>\n\t\t<\/span>\n\t\t\t\t\t<\/a>\n\t\t<\/div>\n\t\t\t\t<\/div>\n\t\t\t\t<\/div>\n\t\t\t\t\t<\/div>\n\t\t<\/div>\n\t\t\t\t\t\t\t<\/div>\n\t\t<\/section>\n\t\t\t\t\t\t\t<\/div>\n\t\t","protected":false},"excerpt":{"rendered":"<p>Gest\u00e3o de compras: Como fazer cota\u00e7\u00f5es de pre\u00e7os para o seu restaurante Toda empresa precisa realizar compras e, se n\u00e3o h\u00e1 um departamento exclusivo para essa finalidade, \u00e9 necess\u00e1rio ter algu\u00e9m respons\u00e1vel pela cota\u00e7\u00e3o de pre\u00e7os e pela gest\u00e3o das compras.\u00a0\u2800\u00c9 importante que esse processo ocorra de maneira adequada para n\u00e3o haver nenhum preju\u00edzo e, [&hellip;]<\/p>\n","protected":false},"author":1,"featured_media":0,"parent":0,"menu_order":0,"comment_status":"closed","ping_status":"closed","template":"","meta":{"site-sidebar-layout":"no-sidebar","site-content-layout":"page-builder","ast-site-content-layout":"default","site-content-style":"default","site-sidebar-style":"default","ast-global-header-display":"","ast-banner-title-visibility":"","ast-main-header-display":"","ast-hfb-above-header-display":"","ast-hfb-below-header-display":"","ast-hfb-mobile-header-display":"","site-post-title":"disabled","ast-breadcrumbs-content":"","ast-featured-img":"disabled","footer-sml-layout":"","ast-disable-related-posts":"","theme-transparent-header-meta":"default","adv-header-id-meta":"","stick-header-meta":"","header-above-stick-meta":"","header-main-stick-meta":"","header-below-stick-meta":"","astra-migrate-meta-layouts":"default","ast-page-background-enabled":"default","ast-page-background-meta":{"desktop":{"background-color":"","background-image":"","background-repeat":"repeat","background-position":"center center","background-size":"auto","background-attachment":"scroll","background-type":"","background-media":"","overlay-type":"","overlay-color":"","overlay-opacity":"","overlay-gradient":""},"tablet":{"background-color":"","background-image":"","background-repeat":"repeat","background-position":"center center","background-size":"auto","background-attachment":"scroll","background-type":"","background-media":"","overlay-type":"","overlay-color":"","overlay-opacity":"","overlay-gradient":""},"mobile":{"background-color":"","background-image":"","background-repeat":"repeat","background-position":"center center","background-size":"auto","background-attachment":"scroll","background-type":"","background-media":"","overlay-type":"","overlay-color":"","overlay-opacity":"","overlay-gradient":""}},"ast-content-background-meta":{"desktop":{"background-color":"var(--ast-global-color-5)","background-image":"","background-repeat":"repeat","background-position":"center center","background-size":"auto","background-attachment":"scroll","background-type":"","background-media":"","overlay-type":"","overlay-color":"","overlay-opacity":"","overlay-gradient":""},"tablet":{"background-color":"var(--ast-global-color-5)","background-image":"","background-repeat":"repeat","background-position":"center center","background-size":"auto","background-attachment":"scroll","background-type":"","background-media":"","overlay-type":"","overlay-color":"","overlay-opacity":"","overlay-gradient":""},"mobile":{"background-color":"var(--ast-global-color-5)","background-image":"","background-repeat":"repeat","background-position":"center center","background-size":"auto","background-attachment":"scroll","background-type":"","background-media":"","overlay-type":"","overlay-color":"","overlay-opacity":"","overlay-gradient":""}},"footnotes":""},"class_list":["post-1183","page","type-page","status-publish","hentry"],"yoast_head":"<!-- This site is optimized with the Yoast SEO plugin v17.7 - https:\/\/yoast.com\/wordpress\/plugins\/seo\/ -->\n<title>Gest\u00e3o de compras: Como fazer cota\u00e7\u00f5es de pre\u00e7os para o seu restaurante - Wordpress<\/title>\n<meta name=\"robots\" content=\"index, follow, max-snippet:-1, max-image-preview:large, max-video-preview:-1\" \/>\n<link rel=\"canonical\" href=\"https:\/\/gestaocincoestrelas.com.br\/index.php\/gestaodecomprasprecospararestaurantes\/\" \/>\n<meta property=\"og:locale\" content=\"en_US\" \/>\n<meta property=\"og:type\" content=\"article\" \/>\n<meta property=\"og:title\" content=\"Gest\u00e3o de compras: Como fazer cota\u00e7\u00f5es de pre\u00e7os para o seu restaurante - Wordpress\" \/>\n<meta property=\"og:description\" content=\"Gest\u00e3o de compras: Como fazer cota\u00e7\u00f5es de pre\u00e7os para o seu restaurante Toda empresa precisa realizar compras e, se n\u00e3o h\u00e1 um departamento exclusivo para essa finalidade, \u00e9 necess\u00e1rio ter algu\u00e9m respons\u00e1vel pela cota\u00e7\u00e3o de pre\u00e7os e pela gest\u00e3o das compras.\u00a0\u2800\u00c9 importante que esse processo ocorra de maneira adequada para n\u00e3o haver nenhum preju\u00edzo e, [&hellip;]\" \/>\n<meta property=\"og:url\" content=\"https:\/\/gestaocincoestrelas.com.br\/index.php\/gestaodecomprasprecospararestaurantes\/\" \/>\n<meta property=\"og:site_name\" content=\"Wordpress\" \/>\n<meta property=\"article:modified_time\" content=\"2021-12-01T14:16:27+00:00\" \/>\n<meta property=\"og:image\" content=\"https:\/\/gestaocincoestrelas.com.br\/wp-content\/uploads\/elementor\/thumbs\/25-e1632266835836-pdgohy39lisvajxyvc4zux0vfb6qil9czn5a6ex4gu.png\" \/>\n<meta name=\"twitter:card\" content=\"summary_large_image\" \/>\n<meta name=\"twitter:label1\" content=\"Est. reading time\" \/>\n\t<meta name=\"twitter:data1\" content=\"2 minutes\" \/>\n<script type=\"application\/ld+json\" class=\"yoast-schema-graph\">{\"@context\":\"https:\/\/schema.org\",\"@graph\":[{\"@type\":\"Organization\",\"@id\":\"https:\/\/gestaocincoestrelas.com.br\/#organization\",\"name\":\"Gest\\u00e3o Cinco Estrelas\",\"url\":\"https:\/\/gestaocincoestrelas.com.br\/\",\"sameAs\":[\"https:\/\/www.instagram.com\/gestaocincoestrelas\/\"],\"logo\":{\"@type\":\"ImageObject\",\"@id\":\"https:\/\/gestaocincoestrelas.com.br\/#logo\",\"inLanguage\":\"en-US\",\"url\":\"https:\/\/gestaocincoestrelas.com.br\/wp-content\/uploads\/2021\/09\/cropped-0002branco-scaled-2.jpg\",\"contentUrl\":\"https:\/\/gestaocincoestrelas.com.br\/wp-content\/uploads\/2021\/09\/cropped-0002branco-scaled-2.jpg\",\"width\":2560,\"height\":854,\"caption\":\"Gest\\u00e3o Cinco Estrelas\"},\"image\":{\"@id\":\"https:\/\/gestaocincoestrelas.com.br\/#logo\"}},{\"@type\":\"WebSite\",\"@id\":\"https:\/\/gestaocincoestrelas.com.br\/#website\",\"url\":\"https:\/\/gestaocincoestrelas.com.br\/\",\"name\":\"Wordpress\",\"description\":\"Gest\\u00e3o para Restaurantes \",\"publisher\":{\"@id\":\"https:\/\/gestaocincoestrelas.com.br\/#organization\"},\"potentialAction\":[{\"@type\":\"SearchAction\",\"target\":{\"@type\":\"EntryPoint\",\"urlTemplate\":\"https:\/\/gestaocincoestrelas.com.br\/?s={search_term_string}\"},\"query-input\":\"required name=search_term_string\"}],\"inLanguage\":\"en-US\"},{\"@type\":\"ImageObject\",\"@id\":\"https:\/\/gestaocincoestrelas.com.br\/index.php\/gestaodecomprasprecospararestaurantes\/#primaryimage\",\"inLanguage\":\"en-US\",\"url\":\"https:\/\/gestaocincoestrelas.com.br\/wp-content\/uploads\/elementor\/thumbs\/25-e1632266835836-pdgohy39lisvajxyvc4zux0vfb6qil9czn5a6ex4gu.png\",\"contentUrl\":\"https:\/\/gestaocincoestrelas.com.br\/wp-content\/uploads\/elementor\/thumbs\/25-e1632266835836-pdgohy39lisvajxyvc4zux0vfb6qil9czn5a6ex4gu.png\"},{\"@type\":\"WebPage\",\"@id\":\"https:\/\/gestaocincoestrelas.com.br\/index.php\/gestaodecomprasprecospararestaurantes\/#webpage\",\"url\":\"https:\/\/gestaocincoestrelas.com.br\/index.php\/gestaodecomprasprecospararestaurantes\/\",\"name\":\"Gest\\u00e3o de compras: Como fazer cota\\u00e7\\u00f5es de pre\\u00e7os para o seu restaurante - Wordpress\",\"isPartOf\":{\"@id\":\"https:\/\/gestaocincoestrelas.com.br\/#website\"},\"primaryImageOfPage\":{\"@id\":\"https:\/\/gestaocincoestrelas.com.br\/index.php\/gestaodecomprasprecospararestaurantes\/#primaryimage\"},\"datePublished\":\"2021-10-03T20:30:01+00:00\",\"dateModified\":\"2021-12-01T14:16:27+00:00\",\"breadcrumb\":{\"@id\":\"https:\/\/gestaocincoestrelas.com.br\/index.php\/gestaodecomprasprecospararestaurantes\/#breadcrumb\"},\"inLanguage\":\"en-US\",\"potentialAction\":[{\"@type\":\"ReadAction\",\"target\":[\"https:\/\/gestaocincoestrelas.com.br\/index.php\/gestaodecomprasprecospararestaurantes\/\"]}]},{\"@type\":\"BreadcrumbList\",\"@id\":\"https:\/\/gestaocincoestrelas.com.br\/index.php\/gestaodecomprasprecospararestaurantes\/#breadcrumb\",\"itemListElement\":[{\"@type\":\"ListItem\",\"position\":1,\"name\":\"In\\u00edcio\",\"item\":\"https:\/\/gestaocincoestrelas.com.br\/\"},{\"@type\":\"ListItem\",\"position\":2,\"name\":\"Gest\\u00e3o de compras: Como fazer cota\\u00e7\\u00f5es de pre\\u00e7os para o seu restaurante\"}]}]}<\/script>\n<!-- \/ Yoast SEO plugin. -->","yoast_head_json":{"title":"Gest\u00e3o de compras: Como fazer cota\u00e7\u00f5es de pre\u00e7os para o seu restaurante - Wordpress","robots":{"index":"index","follow":"follow","max-snippet":"max-snippet:-1","max-image-preview":"max-image-preview:large","max-video-preview":"max-video-preview:-1"},"canonical":"https:\/\/gestaocincoestrelas.com.br\/index.php\/gestaodecomprasprecospararestaurantes\/","og_locale":"en_US","og_type":"article","og_title":"Gest\u00e3o de compras: Como fazer cota\u00e7\u00f5es de pre\u00e7os para o seu restaurante - Wordpress","og_description":"Gest\u00e3o de compras: Como fazer cota\u00e7\u00f5es de pre\u00e7os para o seu restaurante Toda empresa precisa realizar compras e, se n\u00e3o h\u00e1 um departamento exclusivo para essa finalidade, \u00e9 necess\u00e1rio ter algu\u00e9m respons\u00e1vel pela cota\u00e7\u00e3o de pre\u00e7os e pela gest\u00e3o das compras.\u00a0\u2800\u00c9 importante que esse processo ocorra de maneira adequada para n\u00e3o haver nenhum preju\u00edzo e, [&hellip;]","og_url":"https:\/\/gestaocincoestrelas.com.br\/index.php\/gestaodecomprasprecospararestaurantes\/","og_site_name":"Wordpress","article_modified_time":"2021-12-01T14:16:27+00:00","og_image":[{"url":"https:\/\/gestaocincoestrelas.com.br\/wp-content\/uploads\/elementor\/thumbs\/25-e1632266835836-pdgohy39lisvajxyvc4zux0vfb6qil9czn5a6ex4gu.png"}],"twitter_card":"summary_large_image","twitter_misc":{"Est. reading time":"2 minutes"},"schema":{"@context":"https:\/\/schema.org","@graph":[{"@type":"Organization","@id":"https:\/\/gestaocincoestrelas.com.br\/#organization","name":"Gest\u00e3o Cinco Estrelas","url":"https:\/\/gestaocincoestrelas.com.br\/","sameAs":["https:\/\/www.instagram.com\/gestaocincoestrelas\/"],"logo":{"@type":"ImageObject","@id":"https:\/\/gestaocincoestrelas.com.br\/#logo","inLanguage":"en-US","url":"https:\/\/gestaocincoestrelas.com.br\/wp-content\/uploads\/2021\/09\/cropped-0002branco-scaled-2.jpg","contentUrl":"https:\/\/gestaocincoestrelas.com.br\/wp-content\/uploads\/2021\/09\/cropped-0002branco-scaled-2.jpg","width":2560,"height":854,"caption":"Gest\u00e3o Cinco Estrelas"},"image":{"@id":"https:\/\/gestaocincoestrelas.com.br\/#logo"}},{"@type":"WebSite","@id":"https:\/\/gestaocincoestrelas.com.br\/#website","url":"https:\/\/gestaocincoestrelas.com.br\/","name":"Wordpress","description":"Gest\u00e3o para Restaurantes ","publisher":{"@id":"https:\/\/gestaocincoestrelas.com.br\/#organization"},"potentialAction":[{"@type":"SearchAction","target":{"@type":"EntryPoint","urlTemplate":"https:\/\/gestaocincoestrelas.com.br\/?s={search_term_string}"},"query-input":"required name=search_term_string"}],"inLanguage":"en-US"},{"@type":"ImageObject","@id":"https:\/\/gestaocincoestrelas.com.br\/index.php\/gestaodecomprasprecospararestaurantes\/#primaryimage","inLanguage":"en-US","url":"https:\/\/gestaocincoestrelas.com.br\/wp-content\/uploads\/elementor\/thumbs\/25-e1632266835836-pdgohy39lisvajxyvc4zux0vfb6qil9czn5a6ex4gu.png","contentUrl":"https:\/\/gestaocincoestrelas.com.br\/wp-content\/uploads\/elementor\/thumbs\/25-e1632266835836-pdgohy39lisvajxyvc4zux0vfb6qil9czn5a6ex4gu.png"},{"@type":"WebPage","@id":"https:\/\/gestaocincoestrelas.com.br\/index.php\/gestaodecomprasprecospararestaurantes\/#webpage","url":"https:\/\/gestaocincoestrelas.com.br\/index.php\/gestaodecomprasprecospararestaurantes\/","name":"Gest\u00e3o de compras: Como fazer cota\u00e7\u00f5es de pre\u00e7os para o seu restaurante - Wordpress","isPartOf":{"@id":"https:\/\/gestaocincoestrelas.com.br\/#website"},"primaryImageOfPage":{"@id":"https:\/\/gestaocincoestrelas.com.br\/index.php\/gestaodecomprasprecospararestaurantes\/#primaryimage"},"datePublished":"2021-10-03T20:30:01+00:00","dateModified":"2021-12-01T14:16:27+00:00","breadcrumb":{"@id":"https:\/\/gestaocincoestrelas.com.br\/index.php\/gestaodecomprasprecospararestaurantes\/#breadcrumb"},"inLanguage":"en-US","potentialAction":[{"@type":"ReadAction","target":["https:\/\/gestaocincoestrelas.com.br\/index.php\/gestaodecomprasprecospararestaurantes\/"]}]},{"@type":"BreadcrumbList","@id":"https:\/\/gestaocincoestrelas.com.br\/index.php\/gestaodecomprasprecospararestaurantes\/#breadcrumb","itemListElement":[{"@type":"ListItem","position":1,"name":"In\u00edcio","item":"https:\/\/gestaocincoestrelas.com.br\/"},{"@type":"ListItem","position":2,"name":"Gest\u00e3o de compras: Como fazer cota\u00e7\u00f5es de pre\u00e7os para o seu restaurante"}]}]}},"_links":{"self":[{"href":"https:\/\/gestaocincoestrelas.com.br\/index.php\/wp-json\/wp\/v2\/pages\/1183","targetHints":{"allow":["GET"]}}],"collection":[{"href":"https:\/\/gestaocincoestrelas.com.br\/index.php\/wp-json\/wp\/v2\/pages"}],"about":[{"href":"https:\/\/gestaocincoestrelas.com.br\/index.php\/wp-json\/wp\/v2\/types\/page"}],"author":[{"embeddable":true,"href":"https:\/\/gestaocincoestrelas.com.br\/index.php\/wp-json\/wp\/v2\/users\/1"}],"replies":[{"embeddable":true,"href":"https:\/\/gestaocincoestrelas.com.br\/index.php\/wp-json\/wp\/v2\/comments?post=1183"}],"version-history":[{"count":12,"href":"https:\/\/gestaocincoestrelas.com.br\/index.php\/wp-json\/wp\/v2\/pages\/1183\/revisions"}],"predecessor-version":[{"id":1539,"href":"https:\/\/gestaocincoestrelas.com.br\/index.php\/wp-json\/wp\/v2\/pages\/1183\/revisions\/1539"}],"wp:attachment":[{"href":"https:\/\/gestaocincoestrelas.com.br\/index.php\/wp-json\/wp\/v2\/media?parent=1183"}],"curies":[{"name":"wp","href":"https:\/\/api.w.org\/{rel}","templated":true}]}}