{"id":1268,"date":"2021-10-09T10:15:37","date_gmt":"2021-10-09T13:15:37","guid":{"rendered":"https:\/\/gestaocincoestrelas.com.br\/?page_id=1268"},"modified":"2021-12-01T11:19:26","modified_gmt":"2021-12-01T14:19:26","slug":"visaoestrategicadenegocio","status":"publish","type":"page","link":"https:\/\/gestaocincoestrelas.com.br\/index.php\/visaoestrategicadenegocio\/","title":{"rendered":"Vis\u00e3o estrat\u00e9gica de neg\u00f3cio"},"content":{"rendered":"\t\t<div data-elementor-type=\"wp-page\" data-elementor-id=\"1268\" class=\"elementor elementor-1268\">\n\t\t\t\t\t\t\t\t\t<section class=\"elementor-section elementor-top-section elementor-element elementor-element-88f06d9 elementor-section-content-middle elementor-section-boxed elementor-section-height-default elementor-section-height-default\" data-id=\"88f06d9\" data-element_type=\"section\" data-settings=\"{&quot;background_background&quot;:&quot;classic&quot;}\">\n\t\t\t\t\t\t<div class=\"elementor-container elementor-column-gap-no\">\n\t\t\t\t\t<div class=\"elementor-column elementor-col-50 elementor-top-column elementor-element elementor-element-4d89bd0\" data-id=\"4d89bd0\" data-element_type=\"column\">\n\t\t\t<div class=\"elementor-widget-wrap elementor-element-populated\">\n\t\t\t\t\t\t\t\t<div class=\"elementor-element elementor-element-1cb8b7b elementor-widget elementor-widget-image\" data-id=\"1cb8b7b\" data-element_type=\"widget\" data-widget_type=\"image.default\">\n\t\t\t\t<div class=\"elementor-widget-container\">\n\t\t\t<style>\/*! elementor - v3.18.0 - 20-12-2023 *\/\n.elementor-widget-image{text-align:center}.elementor-widget-image a{display:inline-block}.elementor-widget-image a img[src$=\".svg\"]{width:48px}.elementor-widget-image img{vertical-align:middle;display:inline-block}<\/style>\t\t\t\t\t\t\t\t\t\t\t\t<img decoding=\"async\" src=\"https:\/\/gestaocincoestrelas.com.br\/wp-content\/uploads\/elementor\/thumbs\/Michelli-Mattei-42-scaled-peb9ckhfe90ap2arvvzt3nxr2ay3ry6h0t0oh7cdps.jpg\" title=\"Michelli Mattei-42\" alt=\"Michelli Mattei-42\" loading=\"lazy\" \/>\t\t\t\t\t\t\t\t\t\t\t\t\t\t\t<\/div>\n\t\t\t\t<\/div>\n\t\t\t\t\t<\/div>\n\t\t<\/div>\n\t\t\t\t<div class=\"elementor-column elementor-col-50 elementor-top-column elementor-element elementor-element-54c89e0\" data-id=\"54c89e0\" data-element_type=\"column\">\n\t\t\t<div class=\"elementor-widget-wrap elementor-element-populated\">\n\t\t\t\t\t\t\t\t<div class=\"elementor-element elementor-element-1bfe02a elementor-widget elementor-widget-heading\" data-id=\"1bfe02a\" data-element_type=\"widget\" data-widget_type=\"heading.default\">\n\t\t\t\t<div class=\"elementor-widget-container\">\n\t\t\t<style>\/*! elementor - v3.18.0 - 20-12-2023 *\/\n.elementor-heading-title{padding:0;margin:0;line-height:1}.elementor-widget-heading .elementor-heading-title[class*=elementor-size-]>a{color:inherit;font-size:inherit;line-height:inherit}.elementor-widget-heading .elementor-heading-title.elementor-size-small{font-size:15px}.elementor-widget-heading .elementor-heading-title.elementor-size-medium{font-size:19px}.elementor-widget-heading .elementor-heading-title.elementor-size-large{font-size:29px}.elementor-widget-heading .elementor-heading-title.elementor-size-xl{font-size:39px}.elementor-widget-heading .elementor-heading-title.elementor-size-xxl{font-size:59px}<\/style><h2 class=\"elementor-heading-title elementor-size-default\">Voc\u00ea n\u00e3o precisa resolver tudo sozinho!<br><\/h2>\t\t<\/div>\n\t\t\t\t<\/div>\n\t\t\t\t<div class=\"elementor-element elementor-element-58c9842 elementor-widget elementor-widget-text-editor\" data-id=\"58c9842\" data-element_type=\"widget\" data-widget_type=\"text-editor.default\">\n\t\t\t\t<div class=\"elementor-widget-container\">\n\t\t\t<style>\/*! elementor - v3.18.0 - 20-12-2023 *\/\n.elementor-widget-text-editor.elementor-drop-cap-view-stacked .elementor-drop-cap{background-color:#69727d;color:#fff}.elementor-widget-text-editor.elementor-drop-cap-view-framed .elementor-drop-cap{color:#69727d;border:3px solid;background-color:transparent}.elementor-widget-text-editor:not(.elementor-drop-cap-view-default) .elementor-drop-cap{margin-top:8px}.elementor-widget-text-editor:not(.elementor-drop-cap-view-default) .elementor-drop-cap-letter{width:1em;height:1em}.elementor-widget-text-editor .elementor-drop-cap{float:left;text-align:center;line-height:1;font-size:50px}.elementor-widget-text-editor .elementor-drop-cap-letter{display:inline-block}<\/style>\t\t\t\t<p>Estar por tr\u00e1s de um neg\u00f3cio de alimenta\u00e7\u00e3o n\u00e3o \u00e9 nada f\u00e1cil, n\u00e9? \u2800<br \/>\u2800<br \/>S\u00e3o v\u00e1rias atividades para ficar de olho e manter a empresa funcionando \u00e9 altamente desafiador.\u00a0<br \/>\u2800<br \/>Para ter um bom alicerce, \u00e9 preciso gerenciar custos, fornecedores, equipe, estoque, cuidar da satisfa\u00e7\u00e3o dos clientes e tudo isso exige uma gest\u00e3o eficiente.\u2800<br \/>\u2800<br \/>Mas como agir para sair em casos de crise, dificuldades e preju\u00edzos?\u00a0<br \/>\u2800<br \/>\ud83d\udd38 A primeira coisa que voc\u00ea precisa entender \u00e9 que n\u00e3o h\u00e1 necessidade de resolver tudo sozinho. \u00c9 importante pedir ajuda e, nesses momentos, um consultor de alimentos pode ser a chave para voc\u00ea voltar a fazer seu estabelecimento crescer.\u2800<br \/>\u2800<br \/>Atrav\u00e9s de uma consultoria \u00e9 poss\u00edvel encontrar os pontos em desequil\u00edbrio e fazer ajustes adequados para colocar o neg\u00f3cio no trilho outra vez.\u00a0<br \/>\u2800<br \/>Com a vis\u00e3o estrat\u00e9gica de uma consultoria voc\u00ea poder\u00e1 entender melhor a sua empresa e coloc\u00e1-la em crescimento novamente. Entre em contato conosco que podemos te ajudar!\u00a0<\/p>\t\t\t\t\t\t<\/div>\n\t\t\t\t<\/div>\n\t\t\t\t\t<\/div>\n\t\t<\/div>\n\t\t\t\t\t\t\t<\/div>\n\t\t<\/section>\n\t\t\t\t<section class=\"elementor-section elementor-top-section elementor-element elementor-element-f659f4d elementor-section-boxed elementor-section-height-default elementor-section-height-default\" data-id=\"f659f4d\" data-element_type=\"section\">\n\t\t\t\t\t\t<div class=\"elementor-container elementor-column-gap-default\">\n\t\t\t\t\t<div class=\"elementor-column elementor-col-100 elementor-top-column elementor-element elementor-element-cfa6e8e\" data-id=\"cfa6e8e\" data-element_type=\"column\">\n\t\t\t<div class=\"elementor-widget-wrap elementor-element-populated\">\n\t\t\t\t\t\t\t\t<div class=\"elementor-element elementor-element-17a1c3e elementor-align-center elementor-widget elementor-widget-button\" data-id=\"17a1c3e\" data-element_type=\"widget\" data-widget_type=\"button.default\">\n\t\t\t\t<div class=\"elementor-widget-container\">\n\t\t\t\t\t<div class=\"elementor-button-wrapper\">\n\t\t\t<a class=\"elementor-button elementor-button-link elementor-size-sm\" href=\"https:\/\/gestaocincoestrelas.com.br\/index.php\/gestaocincoestrelasblog\/\">\n\t\t\t\t\t\t<span class=\"elementor-button-content-wrapper\">\n\t\t\t\t\t\t<span class=\"elementor-button-text\">Voltar<\/span>\n\t\t<\/span>\n\t\t\t\t\t<\/a>\n\t\t<\/div>\n\t\t\t\t<\/div>\n\t\t\t\t<\/div>\n\t\t\t\t\t<\/div>\n\t\t<\/div>\n\t\t\t\t\t\t\t<\/div>\n\t\t<\/section>\n\t\t\t\t\t\t\t<\/div>\n\t\t","protected":false},"excerpt":{"rendered":"<p>Voc\u00ea n\u00e3o precisa resolver tudo sozinho! Estar por tr\u00e1s de um neg\u00f3cio de alimenta\u00e7\u00e3o n\u00e3o \u00e9 nada f\u00e1cil, n\u00e9? \u2800\u2800S\u00e3o v\u00e1rias atividades para ficar de olho e manter a empresa funcionando \u00e9 altamente desafiador.\u00a0\u2800Para ter um bom alicerce, \u00e9 preciso gerenciar custos, fornecedores, equipe, estoque, cuidar da satisfa\u00e7\u00e3o dos clientes e tudo isso exige uma [&hellip;]<\/p>\n","protected":false},"author":1,"featured_media":0,"parent":0,"menu_order":0,"comment_status":"closed","ping_status":"closed","template":"","meta":{"site-sidebar-layout":"no-sidebar","site-content-layout":"page-builder","ast-site-content-layout":"default","site-content-style":"default","site-sidebar-style":"default","ast-global-header-display":"","ast-banner-title-visibility":"","ast-main-header-display":"","ast-hfb-above-header-display":"","ast-hfb-below-header-display":"","ast-hfb-mobile-header-display":"","site-post-title":"disabled","ast-breadcrumbs-content":"","ast-featured-img":"disabled","footer-sml-layout":"","ast-disable-related-posts":"","theme-transparent-header-meta":"default","adv-header-id-meta":"","stick-header-meta":"","header-above-stick-meta":"","header-main-stick-meta":"","header-below-stick-meta":"","astra-migrate-meta-layouts":"default","ast-page-background-enabled":"default","ast-page-background-meta":{"desktop":{"background-color":"","background-image":"","background-repeat":"repeat","background-position":"center center","background-size":"auto","background-attachment":"scroll","background-type":"","background-media":"","overlay-type":"","overlay-color":"","overlay-opacity":"","overlay-gradient":""},"tablet":{"background-color":"","background-image":"","background-repeat":"repeat","background-position":"center center","background-size":"auto","background-attachment":"scroll","background-type":"","background-media":"","overlay-type":"","overlay-color":"","overlay-opacity":"","overlay-gradient":""},"mobile":{"background-color":"","background-image":"","background-repeat":"repeat","background-position":"center center","background-size":"auto","background-attachment":"scroll","background-type":"","background-media":"","overlay-type":"","overlay-color":"","overlay-opacity":"","overlay-gradient":""}},"ast-content-background-meta":{"desktop":{"background-color":"var(--ast-global-color-5)","background-image":"","background-repeat":"repeat","background-position":"center center","background-size":"auto","background-attachment":"scroll","background-type":"","background-media":"","overlay-type":"","overlay-color":"","overlay-opacity":"","overlay-gradient":""},"tablet":{"background-color":"var(--ast-global-color-5)","background-image":"","background-repeat":"repeat","background-position":"center center","background-size":"auto","background-attachment":"scroll","background-type":"","background-media":"","overlay-type":"","overlay-color":"","overlay-opacity":"","overlay-gradient":""},"mobile":{"background-color":"var(--ast-global-color-5)","background-image":"","background-repeat":"repeat","background-position":"center center","background-size":"auto","background-attachment":"scroll","background-type":"","background-media":"","overlay-type":"","overlay-color":"","overlay-opacity":"","overlay-gradient":""}},"footnotes":""},"class_list":["post-1268","page","type-page","status-publish","hentry"],"yoast_head":"<!-- This site is optimized with the Yoast SEO plugin v17.7 - https:\/\/yoast.com\/wordpress\/plugins\/seo\/ -->\n<title>Vis\u00e3o estrat\u00e9gica de neg\u00f3cio - Wordpress<\/title>\n<meta name=\"robots\" content=\"index, follow, max-snippet:-1, max-image-preview:large, max-video-preview:-1\" \/>\n<link rel=\"canonical\" href=\"https:\/\/gestaocincoestrelas.com.br\/index.php\/visaoestrategicadenegocio\/\" \/>\n<meta property=\"og:locale\" content=\"en_US\" \/>\n<meta property=\"og:type\" content=\"article\" \/>\n<meta property=\"og:title\" content=\"Vis\u00e3o estrat\u00e9gica de neg\u00f3cio - Wordpress\" \/>\n<meta property=\"og:description\" content=\"Voc\u00ea n\u00e3o precisa resolver tudo sozinho! Estar por tr\u00e1s de um neg\u00f3cio de alimenta\u00e7\u00e3o n\u00e3o \u00e9 nada f\u00e1cil, n\u00e9? \u2800\u2800S\u00e3o v\u00e1rias atividades para ficar de olho e manter a empresa funcionando \u00e9 altamente desafiador.\u00a0\u2800Para ter um bom alicerce, \u00e9 preciso gerenciar custos, fornecedores, equipe, estoque, cuidar da satisfa\u00e7\u00e3o dos clientes e tudo isso exige uma [&hellip;]\" \/>\n<meta property=\"og:url\" content=\"https:\/\/gestaocincoestrelas.com.br\/index.php\/visaoestrategicadenegocio\/\" \/>\n<meta property=\"og:site_name\" content=\"Wordpress\" \/>\n<meta property=\"article:modified_time\" content=\"2021-12-01T14:19:26+00:00\" \/>\n<meta property=\"og:image\" content=\"https:\/\/gestaocincoestrelas.com.br\/wp-content\/uploads\/elementor\/thumbs\/Michelli-Mattei-42-scaled-peb9ckhfe90ap2arvvzt3nxr2ay3ry6h0t0oh7cdps.jpg\" \/>\n<meta name=\"twitter:card\" content=\"summary_large_image\" \/>\n<meta name=\"twitter:label1\" content=\"Est. reading time\" \/>\n\t<meta name=\"twitter:data1\" content=\"2 minutes\" \/>\n<script type=\"application\/ld+json\" class=\"yoast-schema-graph\">{\"@context\":\"https:\/\/schema.org\",\"@graph\":[{\"@type\":\"Organization\",\"@id\":\"https:\/\/gestaocincoestrelas.com.br\/#organization\",\"name\":\"Gest\\u00e3o Cinco Estrelas\",\"url\":\"https:\/\/gestaocincoestrelas.com.br\/\",\"sameAs\":[\"https:\/\/www.instagram.com\/gestaocincoestrelas\/\"],\"logo\":{\"@type\":\"ImageObject\",\"@id\":\"https:\/\/gestaocincoestrelas.com.br\/#logo\",\"inLanguage\":\"en-US\",\"url\":\"https:\/\/gestaocincoestrelas.com.br\/wp-content\/uploads\/2021\/09\/cropped-0002branco-scaled-2.jpg\",\"contentUrl\":\"https:\/\/gestaocincoestrelas.com.br\/wp-content\/uploads\/2021\/09\/cropped-0002branco-scaled-2.jpg\",\"width\":2560,\"height\":854,\"caption\":\"Gest\\u00e3o Cinco Estrelas\"},\"image\":{\"@id\":\"https:\/\/gestaocincoestrelas.com.br\/#logo\"}},{\"@type\":\"WebSite\",\"@id\":\"https:\/\/gestaocincoestrelas.com.br\/#website\",\"url\":\"https:\/\/gestaocincoestrelas.com.br\/\",\"name\":\"Wordpress\",\"description\":\"Gest\\u00e3o para Restaurantes \",\"publisher\":{\"@id\":\"https:\/\/gestaocincoestrelas.com.br\/#organization\"},\"potentialAction\":[{\"@type\":\"SearchAction\",\"target\":{\"@type\":\"EntryPoint\",\"urlTemplate\":\"https:\/\/gestaocincoestrelas.com.br\/?s={search_term_string}\"},\"query-input\":\"required name=search_term_string\"}],\"inLanguage\":\"en-US\"},{\"@type\":\"ImageObject\",\"@id\":\"https:\/\/gestaocincoestrelas.com.br\/index.php\/visaoestrategicadenegocio\/#primaryimage\",\"inLanguage\":\"en-US\",\"url\":\"https:\/\/gestaocincoestrelas.com.br\/wp-content\/uploads\/elementor\/thumbs\/Michelli-Mattei-42-scaled-peb9ckhfe90ap2arvvzt3nxr2ay3ry6h0t0oh7cdps.jpg\",\"contentUrl\":\"https:\/\/gestaocincoestrelas.com.br\/wp-content\/uploads\/elementor\/thumbs\/Michelli-Mattei-42-scaled-peb9ckhfe90ap2arvvzt3nxr2ay3ry6h0t0oh7cdps.jpg\"},{\"@type\":\"WebPage\",\"@id\":\"https:\/\/gestaocincoestrelas.com.br\/index.php\/visaoestrategicadenegocio\/#webpage\",\"url\":\"https:\/\/gestaocincoestrelas.com.br\/index.php\/visaoestrategicadenegocio\/\",\"name\":\"Vis\\u00e3o estrat\\u00e9gica de neg\\u00f3cio - Wordpress\",\"isPartOf\":{\"@id\":\"https:\/\/gestaocincoestrelas.com.br\/#website\"},\"primaryImageOfPage\":{\"@id\":\"https:\/\/gestaocincoestrelas.com.br\/index.php\/visaoestrategicadenegocio\/#primaryimage\"},\"datePublished\":\"2021-10-09T13:15:37+00:00\",\"dateModified\":\"2021-12-01T14:19:26+00:00\",\"breadcrumb\":{\"@id\":\"https:\/\/gestaocincoestrelas.com.br\/index.php\/visaoestrategicadenegocio\/#breadcrumb\"},\"inLanguage\":\"en-US\",\"potentialAction\":[{\"@type\":\"ReadAction\",\"target\":[\"https:\/\/gestaocincoestrelas.com.br\/index.php\/visaoestrategicadenegocio\/\"]}]},{\"@type\":\"BreadcrumbList\",\"@id\":\"https:\/\/gestaocincoestrelas.com.br\/index.php\/visaoestrategicadenegocio\/#breadcrumb\",\"itemListElement\":[{\"@type\":\"ListItem\",\"position\":1,\"name\":\"In\\u00edcio\",\"item\":\"https:\/\/gestaocincoestrelas.com.br\/\"},{\"@type\":\"ListItem\",\"position\":2,\"name\":\"Vis\\u00e3o estrat\\u00e9gica de neg\\u00f3cio\"}]}]}<\/script>\n<!-- \/ Yoast SEO plugin. -->","yoast_head_json":{"title":"Vis\u00e3o estrat\u00e9gica de neg\u00f3cio - Wordpress","robots":{"index":"index","follow":"follow","max-snippet":"max-snippet:-1","max-image-preview":"max-image-preview:large","max-video-preview":"max-video-preview:-1"},"canonical":"https:\/\/gestaocincoestrelas.com.br\/index.php\/visaoestrategicadenegocio\/","og_locale":"en_US","og_type":"article","og_title":"Vis\u00e3o estrat\u00e9gica de neg\u00f3cio - Wordpress","og_description":"Voc\u00ea n\u00e3o precisa resolver tudo sozinho! Estar por tr\u00e1s de um neg\u00f3cio de alimenta\u00e7\u00e3o n\u00e3o \u00e9 nada f\u00e1cil, n\u00e9? \u2800\u2800S\u00e3o v\u00e1rias atividades para ficar de olho e manter a empresa funcionando \u00e9 altamente desafiador.\u00a0\u2800Para ter um bom alicerce, \u00e9 preciso gerenciar custos, fornecedores, equipe, estoque, cuidar da satisfa\u00e7\u00e3o dos clientes e tudo isso exige uma [&hellip;]","og_url":"https:\/\/gestaocincoestrelas.com.br\/index.php\/visaoestrategicadenegocio\/","og_site_name":"Wordpress","article_modified_time":"2021-12-01T14:19:26+00:00","og_image":[{"url":"https:\/\/gestaocincoestrelas.com.br\/wp-content\/uploads\/elementor\/thumbs\/Michelli-Mattei-42-scaled-peb9ckhfe90ap2arvvzt3nxr2ay3ry6h0t0oh7cdps.jpg"}],"twitter_card":"summary_large_image","twitter_misc":{"Est. reading time":"2 minutes"},"schema":{"@context":"https:\/\/schema.org","@graph":[{"@type":"Organization","@id":"https:\/\/gestaocincoestrelas.com.br\/#organization","name":"Gest\u00e3o Cinco Estrelas","url":"https:\/\/gestaocincoestrelas.com.br\/","sameAs":["https:\/\/www.instagram.com\/gestaocincoestrelas\/"],"logo":{"@type":"ImageObject","@id":"https:\/\/gestaocincoestrelas.com.br\/#logo","inLanguage":"en-US","url":"https:\/\/gestaocincoestrelas.com.br\/wp-content\/uploads\/2021\/09\/cropped-0002branco-scaled-2.jpg","contentUrl":"https:\/\/gestaocincoestrelas.com.br\/wp-content\/uploads\/2021\/09\/cropped-0002branco-scaled-2.jpg","width":2560,"height":854,"caption":"Gest\u00e3o Cinco Estrelas"},"image":{"@id":"https:\/\/gestaocincoestrelas.com.br\/#logo"}},{"@type":"WebSite","@id":"https:\/\/gestaocincoestrelas.com.br\/#website","url":"https:\/\/gestaocincoestrelas.com.br\/","name":"Wordpress","description":"Gest\u00e3o para Restaurantes ","publisher":{"@id":"https:\/\/gestaocincoestrelas.com.br\/#organization"},"potentialAction":[{"@type":"SearchAction","target":{"@type":"EntryPoint","urlTemplate":"https:\/\/gestaocincoestrelas.com.br\/?s={search_term_string}"},"query-input":"required name=search_term_string"}],"inLanguage":"en-US"},{"@type":"ImageObject","@id":"https:\/\/gestaocincoestrelas.com.br\/index.php\/visaoestrategicadenegocio\/#primaryimage","inLanguage":"en-US","url":"https:\/\/gestaocincoestrelas.com.br\/wp-content\/uploads\/elementor\/thumbs\/Michelli-Mattei-42-scaled-peb9ckhfe90ap2arvvzt3nxr2ay3ry6h0t0oh7cdps.jpg","contentUrl":"https:\/\/gestaocincoestrelas.com.br\/wp-content\/uploads\/elementor\/thumbs\/Michelli-Mattei-42-scaled-peb9ckhfe90ap2arvvzt3nxr2ay3ry6h0t0oh7cdps.jpg"},{"@type":"WebPage","@id":"https:\/\/gestaocincoestrelas.com.br\/index.php\/visaoestrategicadenegocio\/#webpage","url":"https:\/\/gestaocincoestrelas.com.br\/index.php\/visaoestrategicadenegocio\/","name":"Vis\u00e3o estrat\u00e9gica de neg\u00f3cio - Wordpress","isPartOf":{"@id":"https:\/\/gestaocincoestrelas.com.br\/#website"},"primaryImageOfPage":{"@id":"https:\/\/gestaocincoestrelas.com.br\/index.php\/visaoestrategicadenegocio\/#primaryimage"},"datePublished":"2021-10-09T13:15:37+00:00","dateModified":"2021-12-01T14:19:26+00:00","breadcrumb":{"@id":"https:\/\/gestaocincoestrelas.com.br\/index.php\/visaoestrategicadenegocio\/#breadcrumb"},"inLanguage":"en-US","potentialAction":[{"@type":"ReadAction","target":["https:\/\/gestaocincoestrelas.com.br\/index.php\/visaoestrategicadenegocio\/"]}]},{"@type":"BreadcrumbList","@id":"https:\/\/gestaocincoestrelas.com.br\/index.php\/visaoestrategicadenegocio\/#breadcrumb","itemListElement":[{"@type":"ListItem","position":1,"name":"In\u00edcio","item":"https:\/\/gestaocincoestrelas.com.br\/"},{"@type":"ListItem","position":2,"name":"Vis\u00e3o estrat\u00e9gica de neg\u00f3cio"}]}]}},"_links":{"self":[{"href":"https:\/\/gestaocincoestrelas.com.br\/index.php\/wp-json\/wp\/v2\/pages\/1268","targetHints":{"allow":["GET"]}}],"collection":[{"href":"https:\/\/gestaocincoestrelas.com.br\/index.php\/wp-json\/wp\/v2\/pages"}],"about":[{"href":"https:\/\/gestaocincoestrelas.com.br\/index.php\/wp-json\/wp\/v2\/types\/page"}],"author":[{"embeddable":true,"href":"https:\/\/gestaocincoestrelas.com.br\/index.php\/wp-json\/wp\/v2\/users\/1"}],"replies":[{"embeddable":true,"href":"https:\/\/gestaocincoestrelas.com.br\/index.php\/wp-json\/wp\/v2\/comments?post=1268"}],"version-history":[{"count":15,"href":"https:\/\/gestaocincoestrelas.com.br\/index.php\/wp-json\/wp\/v2\/pages\/1268\/revisions"}],"predecessor-version":[{"id":1549,"href":"https:\/\/gestaocincoestrelas.com.br\/index.php\/wp-json\/wp\/v2\/pages\/1268\/revisions\/1549"}],"wp:attachment":[{"href":"https:\/\/gestaocincoestrelas.com.br\/index.php\/wp-json\/wp\/v2\/media?parent=1268"}],"curies":[{"name":"wp","href":"https:\/\/api.w.org\/{rel}","templated":true}]}}