{"id":1372,"date":"2021-10-10T16:35:20","date_gmt":"2021-10-10T19:35:20","guid":{"rendered":"https:\/\/gestaocincoestrelas.com.br\/?page_id=1372"},"modified":"2021-12-01T11:13:37","modified_gmt":"2021-12-01T14:13:37","slug":"pontocomercial","status":"publish","type":"page","link":"https:\/\/gestaocincoestrelas.com.br\/index.php\/pontocomercial\/","title":{"rendered":"A import\u00e2ncia do ponto comercial"},"content":{"rendered":"\t\t<div data-elementor-type=\"wp-page\" data-elementor-id=\"1372\" class=\"elementor elementor-1372\">\n\t\t\t\t\t\t\t\t\t<section class=\"elementor-section elementor-top-section elementor-element elementor-element-0a5d539 elementor-section-content-middle elementor-section-boxed elementor-section-height-default elementor-section-height-default\" data-id=\"0a5d539\" data-element_type=\"section\" data-settings=\"{&quot;background_background&quot;:&quot;classic&quot;}\">\n\t\t\t\t\t\t<div class=\"elementor-container elementor-column-gap-no\">\n\t\t\t\t\t<div class=\"elementor-column elementor-col-50 elementor-top-column elementor-element elementor-element-711f191\" data-id=\"711f191\" data-element_type=\"column\">\n\t\t\t<div class=\"elementor-widget-wrap elementor-element-populated\">\n\t\t\t\t\t\t\t\t<div class=\"elementor-element elementor-element-d58a115 elementor-widget elementor-widget-image\" data-id=\"d58a115\" data-element_type=\"widget\" data-widget_type=\"image.default\">\n\t\t\t\t<div class=\"elementor-widget-container\">\n\t\t\t<style>\/*! elementor - v3.18.0 - 20-12-2023 *\/\n.elementor-widget-image{text-align:center}.elementor-widget-image a{display:inline-block}.elementor-widget-image a img[src$=\".svg\"]{width:48px}.elementor-widget-image img{vertical-align:middle;display:inline-block}<\/style>\t\t\t\t\t\t\t\t\t\t\t\t<img decoding=\"async\" src=\"https:\/\/gestaocincoestrelas.com.br\/wp-content\/uploads\/elementor\/thumbs\/buildings-city-illuminated-1804481-pdhtsxtmft8m3iphk0qpxyxqmtlb3qmy5vs5v8r8g8.jpg\" title=\"buildings-city-illuminated-1804481\" alt=\"buildings, city, illuminated-1804481.jpg\" loading=\"lazy\" \/>\t\t\t\t\t\t\t\t\t\t\t\t\t\t\t<\/div>\n\t\t\t\t<\/div>\n\t\t\t\t\t<\/div>\n\t\t<\/div>\n\t\t\t\t<div class=\"elementor-column elementor-col-50 elementor-top-column elementor-element elementor-element-bb97fc3\" data-id=\"bb97fc3\" data-element_type=\"column\">\n\t\t\t<div class=\"elementor-widget-wrap elementor-element-populated\">\n\t\t\t\t\t\t\t\t<div class=\"elementor-element elementor-element-cbf6b54 elementor-widget elementor-widget-heading\" data-id=\"cbf6b54\" data-element_type=\"widget\" data-widget_type=\"heading.default\">\n\t\t\t\t<div class=\"elementor-widget-container\">\n\t\t\t<style>\/*! elementor - v3.18.0 - 20-12-2023 *\/\n.elementor-heading-title{padding:0;margin:0;line-height:1}.elementor-widget-heading .elementor-heading-title[class*=elementor-size-]>a{color:inherit;font-size:inherit;line-height:inherit}.elementor-widget-heading .elementor-heading-title.elementor-size-small{font-size:15px}.elementor-widget-heading .elementor-heading-title.elementor-size-medium{font-size:19px}.elementor-widget-heading .elementor-heading-title.elementor-size-large{font-size:29px}.elementor-widget-heading .elementor-heading-title.elementor-size-xl{font-size:39px}.elementor-widget-heading .elementor-heading-title.elementor-size-xxl{font-size:59px}<\/style><h2 class=\"elementor-heading-title elementor-size-default\">A import\u00e2ncia do ponto comercial <br> <br><\/h2>\t\t<\/div>\n\t\t\t\t<\/div>\n\t\t\t\t<div class=\"elementor-element elementor-element-efaf333 elementor-widget elementor-widget-text-editor\" data-id=\"efaf333\" data-element_type=\"widget\" data-widget_type=\"text-editor.default\">\n\t\t\t\t<div class=\"elementor-widget-container\">\n\t\t\t<style>\/*! elementor - v3.18.0 - 20-12-2023 *\/\n.elementor-widget-text-editor.elementor-drop-cap-view-stacked .elementor-drop-cap{background-color:#69727d;color:#fff}.elementor-widget-text-editor.elementor-drop-cap-view-framed .elementor-drop-cap{color:#69727d;border:3px solid;background-color:transparent}.elementor-widget-text-editor:not(.elementor-drop-cap-view-default) .elementor-drop-cap{margin-top:8px}.elementor-widget-text-editor:not(.elementor-drop-cap-view-default) .elementor-drop-cap-letter{width:1em;height:1em}.elementor-widget-text-editor .elementor-drop-cap{float:left;text-align:center;line-height:1;font-size:50px}.elementor-widget-text-editor .elementor-drop-cap-letter{display:inline-block}<\/style>\t\t\t\t<p>Observe os lugares onde voc\u00ea gosta de frequentar, o que todos tem em comum?\u2063<br \/>\u2063<br \/>Locais com f\u00e1cil acesso, onde voc\u00ea lembra porque passa por ele todos os dias, entradas com acesso bem desenhadas que voc\u00ea n\u00e3o precise ficar em filas para estacionar, que tenha uma boa vista para quando se sentar para comer ou beber, ou ent\u00e3o que seja agrad\u00e1vel o que voc\u00ea v\u00ea quando esta no lado de fora.\u2063<br \/>\u2063<br \/>Ter um ponto que esteja pr\u00f3ximo de lugares estrat\u00e9gicos, far\u00e1 com que seu negocio decole mais rapidamente. D\u00ea prefer\u00eancia para regi\u00f5es com grande fluxo de pessoas, como universidades, bancos, grandes empresas e lojas de varejo. \u2063<br \/>\u2063<br \/>Normalmente, esses locais t\u00eam grande concentra\u00e7\u00e3o de estabelecimentos do ramo, por isso fique atento \u00e0 concorr\u00eancia.\u2063<br \/>\u2063<br \/>Quando for escolher o ponto comercial, \u00e9 importante checar na prefeitura se o zoneamento do munic\u00edpio permite o funcionamento do neg\u00f3cio naquela regi\u00e3o. \u2063<br \/>\u2063<br \/>Estabelecimentos do ramo de alimenta\u00e7\u00e3o precisam de autoriza\u00e7\u00e3o de funcionamento por parte do Corpo de Bombeiros e da Vigil\u00e2ncia Sanit\u00e1ria.\u2063<br \/>Em breve vamos listar os principais erros ao escolher o ponto comercial, fique atento!\u2063<\/p>\t\t\t\t\t\t<\/div>\n\t\t\t\t<\/div>\n\t\t\t\t\t<\/div>\n\t\t<\/div>\n\t\t\t\t\t\t\t<\/div>\n\t\t<\/section>\n\t\t\t\t<section class=\"elementor-section elementor-top-section elementor-element elementor-element-eb41879 elementor-section-boxed elementor-section-height-default elementor-section-height-default\" data-id=\"eb41879\" data-element_type=\"section\">\n\t\t\t\t\t\t<div class=\"elementor-container elementor-column-gap-default\">\n\t\t\t\t\t<div class=\"elementor-column elementor-col-100 elementor-top-column elementor-element elementor-element-55402ca\" data-id=\"55402ca\" data-element_type=\"column\">\n\t\t\t<div class=\"elementor-widget-wrap elementor-element-populated\">\n\t\t\t\t\t\t\t\t<div class=\"elementor-element elementor-element-79e15f1 elementor-align-center elementor-widget elementor-widget-button\" data-id=\"79e15f1\" data-element_type=\"widget\" data-widget_type=\"button.default\">\n\t\t\t\t<div class=\"elementor-widget-container\">\n\t\t\t\t\t<div class=\"elementor-button-wrapper\">\n\t\t\t<a class=\"elementor-button elementor-button-link elementor-size-sm\" href=\"https:\/\/gestaocincoestrelas.com.br\/index.php\/gestaocincoestrelasblog\/\">\n\t\t\t\t\t\t<span class=\"elementor-button-content-wrapper\">\n\t\t\t\t\t\t<span class=\"elementor-button-text\">Voltar<\/span>\n\t\t<\/span>\n\t\t\t\t\t<\/a>\n\t\t<\/div>\n\t\t\t\t<\/div>\n\t\t\t\t<\/div>\n\t\t\t\t\t<\/div>\n\t\t<\/div>\n\t\t\t\t\t\t\t<\/div>\n\t\t<\/section>\n\t\t\t\t\t\t\t<\/div>\n\t\t","protected":false},"excerpt":{"rendered":"<p>A import\u00e2ncia do ponto comercial Observe os lugares onde voc\u00ea gosta de frequentar, o que todos tem em comum?\u2063\u2063Locais com f\u00e1cil acesso, onde voc\u00ea lembra porque passa por ele todos os dias, entradas com acesso bem desenhadas que voc\u00ea n\u00e3o precise ficar em filas para estacionar, que tenha uma boa vista para quando se sentar [&hellip;]<\/p>\n","protected":false},"author":1,"featured_media":0,"parent":0,"menu_order":0,"comment_status":"closed","ping_status":"closed","template":"","meta":{"site-sidebar-layout":"no-sidebar","site-content-layout":"page-builder","ast-site-content-layout":"default","site-content-style":"default","site-sidebar-style":"default","ast-global-header-display":"","ast-banner-title-visibility":"","ast-main-header-display":"","ast-hfb-above-header-display":"","ast-hfb-below-header-display":"","ast-hfb-mobile-header-display":"","site-post-title":"disabled","ast-breadcrumbs-content":"","ast-featured-img":"disabled","footer-sml-layout":"","ast-disable-related-posts":"","theme-transparent-header-meta":"default","adv-header-id-meta":"","stick-header-meta":"","header-above-stick-meta":"","header-main-stick-meta":"","header-below-stick-meta":"","astra-migrate-meta-layouts":"default","ast-page-background-enabled":"default","ast-page-background-meta":{"desktop":{"background-color":"","background-image":"","background-repeat":"repeat","background-position":"center center","background-size":"auto","background-attachment":"scroll","background-type":"","background-media":"","overlay-type":"","overlay-color":"","overlay-opacity":"","overlay-gradient":""},"tablet":{"background-color":"","background-image":"","background-repeat":"repeat","background-position":"center center","background-size":"auto","background-attachment":"scroll","background-type":"","background-media":"","overlay-type":"","overlay-color":"","overlay-opacity":"","overlay-gradient":""},"mobile":{"background-color":"","background-image":"","background-repeat":"repeat","background-position":"center center","background-size":"auto","background-attachment":"scroll","background-type":"","background-media":"","overlay-type":"","overlay-color":"","overlay-opacity":"","overlay-gradient":""}},"ast-content-background-meta":{"desktop":{"background-color":"var(--ast-global-color-5)","background-image":"","background-repeat":"repeat","background-position":"center center","background-size":"auto","background-attachment":"scroll","background-type":"","background-media":"","overlay-type":"","overlay-color":"","overlay-opacity":"","overlay-gradient":""},"tablet":{"background-color":"var(--ast-global-color-5)","background-image":"","background-repeat":"repeat","background-position":"center center","background-size":"auto","background-attachment":"scroll","background-type":"","background-media":"","overlay-type":"","overlay-color":"","overlay-opacity":"","overlay-gradient":""},"mobile":{"background-color":"var(--ast-global-color-5)","background-image":"","background-repeat":"repeat","background-position":"center center","background-size":"auto","background-attachment":"scroll","background-type":"","background-media":"","overlay-type":"","overlay-color":"","overlay-opacity":"","overlay-gradient":""}},"footnotes":""},"class_list":["post-1372","page","type-page","status-publish","hentry"],"yoast_head":"<!-- This site is optimized with the Yoast SEO plugin v17.7 - https:\/\/yoast.com\/wordpress\/plugins\/seo\/ -->\n<title>A import\u00e2ncia do ponto comercial - Wordpress<\/title>\n<meta name=\"robots\" content=\"index, follow, max-snippet:-1, max-image-preview:large, max-video-preview:-1\" \/>\n<link rel=\"canonical\" href=\"https:\/\/gestaocincoestrelas.com.br\/index.php\/pontocomercial\/\" \/>\n<meta property=\"og:locale\" content=\"en_US\" \/>\n<meta property=\"og:type\" content=\"article\" \/>\n<meta property=\"og:title\" content=\"A import\u00e2ncia do ponto comercial - Wordpress\" \/>\n<meta property=\"og:description\" content=\"A import\u00e2ncia do ponto comercial Observe os lugares onde voc\u00ea gosta de frequentar, o que todos tem em comum?\u2063\u2063Locais com f\u00e1cil acesso, onde voc\u00ea lembra porque passa por ele todos os dias, entradas com acesso bem desenhadas que voc\u00ea n\u00e3o precise ficar em filas para estacionar, que tenha uma boa vista para quando se sentar [&hellip;]\" \/>\n<meta property=\"og:url\" content=\"https:\/\/gestaocincoestrelas.com.br\/index.php\/pontocomercial\/\" \/>\n<meta property=\"og:site_name\" content=\"Wordpress\" \/>\n<meta property=\"article:modified_time\" content=\"2021-12-01T14:13:37+00:00\" \/>\n<meta property=\"og:image\" content=\"https:\/\/gestaocincoestrelas.com.br\/wp-content\/uploads\/elementor\/thumbs\/buildings-city-illuminated-1804481-pdhtsxtmft8m3iphk0qpxyxqmtlb3qmy5vs5v8r8g8.jpg\" \/>\n<meta name=\"twitter:card\" content=\"summary_large_image\" \/>\n<meta name=\"twitter:label1\" content=\"Est. reading time\" \/>\n\t<meta name=\"twitter:data1\" content=\"2 minutes\" \/>\n<script type=\"application\/ld+json\" class=\"yoast-schema-graph\">{\"@context\":\"https:\/\/schema.org\",\"@graph\":[{\"@type\":\"Organization\",\"@id\":\"https:\/\/gestaocincoestrelas.com.br\/#organization\",\"name\":\"Gest\\u00e3o Cinco Estrelas\",\"url\":\"https:\/\/gestaocincoestrelas.com.br\/\",\"sameAs\":[\"https:\/\/www.instagram.com\/gestaocincoestrelas\/\"],\"logo\":{\"@type\":\"ImageObject\",\"@id\":\"https:\/\/gestaocincoestrelas.com.br\/#logo\",\"inLanguage\":\"en-US\",\"url\":\"https:\/\/gestaocincoestrelas.com.br\/wp-content\/uploads\/2021\/09\/cropped-0002branco-scaled-2.jpg\",\"contentUrl\":\"https:\/\/gestaocincoestrelas.com.br\/wp-content\/uploads\/2021\/09\/cropped-0002branco-scaled-2.jpg\",\"width\":2560,\"height\":854,\"caption\":\"Gest\\u00e3o Cinco Estrelas\"},\"image\":{\"@id\":\"https:\/\/gestaocincoestrelas.com.br\/#logo\"}},{\"@type\":\"WebSite\",\"@id\":\"https:\/\/gestaocincoestrelas.com.br\/#website\",\"url\":\"https:\/\/gestaocincoestrelas.com.br\/\",\"name\":\"Wordpress\",\"description\":\"Gest\\u00e3o para Restaurantes \",\"publisher\":{\"@id\":\"https:\/\/gestaocincoestrelas.com.br\/#organization\"},\"potentialAction\":[{\"@type\":\"SearchAction\",\"target\":{\"@type\":\"EntryPoint\",\"urlTemplate\":\"https:\/\/gestaocincoestrelas.com.br\/?s={search_term_string}\"},\"query-input\":\"required name=search_term_string\"}],\"inLanguage\":\"en-US\"},{\"@type\":\"ImageObject\",\"@id\":\"https:\/\/gestaocincoestrelas.com.br\/index.php\/pontocomercial\/#primaryimage\",\"inLanguage\":\"en-US\",\"url\":\"https:\/\/gestaocincoestrelas.com.br\/wp-content\/uploads\/elementor\/thumbs\/buildings-city-illuminated-1804481-pdhtsxtmft8m3iphk0qpxyxqmtlb3qmy5vs5v8r8g8.jpg\",\"contentUrl\":\"https:\/\/gestaocincoestrelas.com.br\/wp-content\/uploads\/elementor\/thumbs\/buildings-city-illuminated-1804481-pdhtsxtmft8m3iphk0qpxyxqmtlb3qmy5vs5v8r8g8.jpg\"},{\"@type\":\"WebPage\",\"@id\":\"https:\/\/gestaocincoestrelas.com.br\/index.php\/pontocomercial\/#webpage\",\"url\":\"https:\/\/gestaocincoestrelas.com.br\/index.php\/pontocomercial\/\",\"name\":\"A import\\u00e2ncia do ponto comercial - Wordpress\",\"isPartOf\":{\"@id\":\"https:\/\/gestaocincoestrelas.com.br\/#website\"},\"primaryImageOfPage\":{\"@id\":\"https:\/\/gestaocincoestrelas.com.br\/index.php\/pontocomercial\/#primaryimage\"},\"datePublished\":\"2021-10-10T19:35:20+00:00\",\"dateModified\":\"2021-12-01T14:13:37+00:00\",\"breadcrumb\":{\"@id\":\"https:\/\/gestaocincoestrelas.com.br\/index.php\/pontocomercial\/#breadcrumb\"},\"inLanguage\":\"en-US\",\"potentialAction\":[{\"@type\":\"ReadAction\",\"target\":[\"https:\/\/gestaocincoestrelas.com.br\/index.php\/pontocomercial\/\"]}]},{\"@type\":\"BreadcrumbList\",\"@id\":\"https:\/\/gestaocincoestrelas.com.br\/index.php\/pontocomercial\/#breadcrumb\",\"itemListElement\":[{\"@type\":\"ListItem\",\"position\":1,\"name\":\"In\\u00edcio\",\"item\":\"https:\/\/gestaocincoestrelas.com.br\/\"},{\"@type\":\"ListItem\",\"position\":2,\"name\":\"A import\\u00e2ncia do ponto comercial\"}]}]}<\/script>\n<!-- \/ Yoast SEO plugin. -->","yoast_head_json":{"title":"A import\u00e2ncia do ponto comercial - Wordpress","robots":{"index":"index","follow":"follow","max-snippet":"max-snippet:-1","max-image-preview":"max-image-preview:large","max-video-preview":"max-video-preview:-1"},"canonical":"https:\/\/gestaocincoestrelas.com.br\/index.php\/pontocomercial\/","og_locale":"en_US","og_type":"article","og_title":"A import\u00e2ncia do ponto comercial - Wordpress","og_description":"A import\u00e2ncia do ponto comercial Observe os lugares onde voc\u00ea gosta de frequentar, o que todos tem em comum?\u2063\u2063Locais com f\u00e1cil acesso, onde voc\u00ea lembra porque passa por ele todos os dias, entradas com acesso bem desenhadas que voc\u00ea n\u00e3o precise ficar em filas para estacionar, que tenha uma boa vista para quando se sentar [&hellip;]","og_url":"https:\/\/gestaocincoestrelas.com.br\/index.php\/pontocomercial\/","og_site_name":"Wordpress","article_modified_time":"2021-12-01T14:13:37+00:00","og_image":[{"url":"https:\/\/gestaocincoestrelas.com.br\/wp-content\/uploads\/elementor\/thumbs\/buildings-city-illuminated-1804481-pdhtsxtmft8m3iphk0qpxyxqmtlb3qmy5vs5v8r8g8.jpg"}],"twitter_card":"summary_large_image","twitter_misc":{"Est. reading time":"2 minutes"},"schema":{"@context":"https:\/\/schema.org","@graph":[{"@type":"Organization","@id":"https:\/\/gestaocincoestrelas.com.br\/#organization","name":"Gest\u00e3o Cinco Estrelas","url":"https:\/\/gestaocincoestrelas.com.br\/","sameAs":["https:\/\/www.instagram.com\/gestaocincoestrelas\/"],"logo":{"@type":"ImageObject","@id":"https:\/\/gestaocincoestrelas.com.br\/#logo","inLanguage":"en-US","url":"https:\/\/gestaocincoestrelas.com.br\/wp-content\/uploads\/2021\/09\/cropped-0002branco-scaled-2.jpg","contentUrl":"https:\/\/gestaocincoestrelas.com.br\/wp-content\/uploads\/2021\/09\/cropped-0002branco-scaled-2.jpg","width":2560,"height":854,"caption":"Gest\u00e3o Cinco Estrelas"},"image":{"@id":"https:\/\/gestaocincoestrelas.com.br\/#logo"}},{"@type":"WebSite","@id":"https:\/\/gestaocincoestrelas.com.br\/#website","url":"https:\/\/gestaocincoestrelas.com.br\/","name":"Wordpress","description":"Gest\u00e3o para Restaurantes ","publisher":{"@id":"https:\/\/gestaocincoestrelas.com.br\/#organization"},"potentialAction":[{"@type":"SearchAction","target":{"@type":"EntryPoint","urlTemplate":"https:\/\/gestaocincoestrelas.com.br\/?s={search_term_string}"},"query-input":"required name=search_term_string"}],"inLanguage":"en-US"},{"@type":"ImageObject","@id":"https:\/\/gestaocincoestrelas.com.br\/index.php\/pontocomercial\/#primaryimage","inLanguage":"en-US","url":"https:\/\/gestaocincoestrelas.com.br\/wp-content\/uploads\/elementor\/thumbs\/buildings-city-illuminated-1804481-pdhtsxtmft8m3iphk0qpxyxqmtlb3qmy5vs5v8r8g8.jpg","contentUrl":"https:\/\/gestaocincoestrelas.com.br\/wp-content\/uploads\/elementor\/thumbs\/buildings-city-illuminated-1804481-pdhtsxtmft8m3iphk0qpxyxqmtlb3qmy5vs5v8r8g8.jpg"},{"@type":"WebPage","@id":"https:\/\/gestaocincoestrelas.com.br\/index.php\/pontocomercial\/#webpage","url":"https:\/\/gestaocincoestrelas.com.br\/index.php\/pontocomercial\/","name":"A import\u00e2ncia do ponto comercial - Wordpress","isPartOf":{"@id":"https:\/\/gestaocincoestrelas.com.br\/#website"},"primaryImageOfPage":{"@id":"https:\/\/gestaocincoestrelas.com.br\/index.php\/pontocomercial\/#primaryimage"},"datePublished":"2021-10-10T19:35:20+00:00","dateModified":"2021-12-01T14:13:37+00:00","breadcrumb":{"@id":"https:\/\/gestaocincoestrelas.com.br\/index.php\/pontocomercial\/#breadcrumb"},"inLanguage":"en-US","potentialAction":[{"@type":"ReadAction","target":["https:\/\/gestaocincoestrelas.com.br\/index.php\/pontocomercial\/"]}]},{"@type":"BreadcrumbList","@id":"https:\/\/gestaocincoestrelas.com.br\/index.php\/pontocomercial\/#breadcrumb","itemListElement":[{"@type":"ListItem","position":1,"name":"In\u00edcio","item":"https:\/\/gestaocincoestrelas.com.br\/"},{"@type":"ListItem","position":2,"name":"A import\u00e2ncia do ponto comercial"}]}]}},"_links":{"self":[{"href":"https:\/\/gestaocincoestrelas.com.br\/index.php\/wp-json\/wp\/v2\/pages\/1372","targetHints":{"allow":["GET"]}}],"collection":[{"href":"https:\/\/gestaocincoestrelas.com.br\/index.php\/wp-json\/wp\/v2\/pages"}],"about":[{"href":"https:\/\/gestaocincoestrelas.com.br\/index.php\/wp-json\/wp\/v2\/types\/page"}],"author":[{"embeddable":true,"href":"https:\/\/gestaocincoestrelas.com.br\/index.php\/wp-json\/wp\/v2\/users\/1"}],"replies":[{"embeddable":true,"href":"https:\/\/gestaocincoestrelas.com.br\/index.php\/wp-json\/wp\/v2\/comments?post=1372"}],"version-history":[{"count":12,"href":"https:\/\/gestaocincoestrelas.com.br\/index.php\/wp-json\/wp\/v2\/pages\/1372\/revisions"}],"predecessor-version":[{"id":1526,"href":"https:\/\/gestaocincoestrelas.com.br\/index.php\/wp-json\/wp\/v2\/pages\/1372\/revisions\/1526"}],"wp:attachment":[{"href":"https:\/\/gestaocincoestrelas.com.br\/index.php\/wp-json\/wp\/v2\/media?parent=1372"}],"curies":[{"name":"wp","href":"https:\/\/api.w.org\/{rel}","templated":true}]}}